{"id":974,"date":"2022-03-15T16:34:54","date_gmt":"2022-03-15T13:34:54","guid":{"rendered":"https:\/\/yuarbaby.com\/ar\/?post_type=product&#038;p=974"},"modified":"2024-01-02T09:54:40","modified_gmt":"2024-01-02T06:54:40","slug":"cok-amacli-muslin-ortu","status":"publish","type":"product","link":"https:\/\/yuarbaby.com\/ar\/urun\/cok-amacli-muslin-ortu\/","title":{"rendered":"\u063a\u0637\u0627\u0621 \u0645\u0648\u0633\u0644\u064a\u0646 \u0645\u062a\u0639\u062f\u062f \u0627\u0644\u0627\u0633\u062a\u062e\u062f\u0627\u0645\u0627\u062a"},"content":{"rendered":"","protected":false},"excerpt":{"rendered":"<p><span data-sheets-value=\"{&quot;1&quot;:2,&quot;2&quot;:&quot;*Nefes alabilir\\n*Kuma\u015f %100 pamuktan yap\u0131lm\u0131\u015ft\u0131r \\n*\u00c7ok y\u00f6nlu kullan\u0131m:\\n- Pamuklu havlular\u0131n cilt dostu ve yumu\u015fak kuma\u015f\u0131 \\n-a\u011f\u0131z bezi\\n-alt de\u011fi\u015ftirme bezi \\n-kundak \\n-klasik havlu \\n-bebek arabas\u0131 \u00f6rt\u00fcs\u00fc \\n-alt de\u011fi\u015ftirme bezi \\n-araba koltu\u011fu \u00f6rt\u00fcs\u00fc\\n-g\u00f6lgelik veya emekleme battaniyesi i\u00e7in idealdir.&quot;}\" data-sheets-userformat=\"{&quot;2&quot;:15297,&quot;3&quot;:{&quot;1&quot;:0},&quot;9&quot;:1,&quot;10&quot;:1,&quot;11&quot;:4,&quot;12&quot;:0,&quot;14&quot;:{&quot;1&quot;:2,&quot;2&quot;:3355443},&quot;15&quot;:&quot;source_sans_proregular&quot;,&quot;16&quot;:9}\">Nefes alabilir.<\/span><\/p>\n<p><span data-sheets-value=\"{&quot;1&quot;:2,&quot;2&quot;:&quot;*Nefes alabilir\\n*Kuma\u015f %100 pamuktan yap\u0131lm\u0131\u015ft\u0131r \\n*\u00c7ok y\u00f6nlu kullan\u0131m:\\n- Pamuklu havlular\u0131n cilt dostu ve yumu\u015fak kuma\u015f\u0131 \\n-a\u011f\u0131z bezi\\n-alt de\u011fi\u015ftirme bezi \\n-kundak \\n-klasik havlu \\n-bebek arabas\u0131 \u00f6rt\u00fcs\u00fc \\n-alt de\u011fi\u015ftirme bezi \\n-araba koltu\u011fu \u00f6rt\u00fcs\u00fc\\n-g\u00f6lgelik veya emekleme battaniyesi i\u00e7in idealdir.&quot;}\" data-sheets-userformat=\"{&quot;2&quot;:15297,&quot;3&quot;:{&quot;1&quot;:0},&quot;9&quot;:1,&quot;10&quot;:1,&quot;11&quot;:4,&quot;12&quot;:0,&quot;14&quot;:{&quot;1&quot;:2,&quot;2&quot;:3355443},&quot;15&quot;:&quot;source_sans_proregular&quot;,&quot;16&quot;:9}\">Kuma\u015f %100 pamuktan yap\u0131lm\u0131\u015ft\u0131r.<\/span><\/p>\n<p><span data-sheets-value=\"{&quot;1&quot;:2,&quot;2&quot;:&quot;*Nefes alabilir\\n*Kuma\u015f %100 pamuktan yap\u0131lm\u0131\u015ft\u0131r \\n*\u00c7ok y\u00f6nlu kullan\u0131m:\\n- Pamuklu havlular\u0131n cilt dostu ve yumu\u015fak kuma\u015f\u0131 \\n-a\u011f\u0131z bezi\\n-alt de\u011fi\u015ftirme bezi \\n-kundak \\n-klasik havlu \\n-bebek arabas\u0131 \u00f6rt\u00fcs\u00fc \\n-alt de\u011fi\u015ftirme bezi \\n-araba koltu\u011fu \u00f6rt\u00fcs\u00fc\\n-g\u00f6lgelik veya emekleme battaniyesi i\u00e7in idealdir.&quot;}\" data-sheets-userformat=\"{&quot;2&quot;:15297,&quot;3&quot;:{&quot;1&quot;:0},&quot;9&quot;:1,&quot;10&quot;:1,&quot;11&quot;:4,&quot;12&quot;:0,&quot;14&quot;:{&quot;1&quot;:2,&quot;2&quot;:3355443},&quot;15&quot;:&quot;source_sans_proregular&quot;,&quot;16&quot;:9}\">\u00c7ok y\u00f6nl\u00fc kullan\u0131m:<\/span><\/p>\n<ul>\n<li><span data-sheets-value=\"{&quot;1&quot;:2,&quot;2&quot;:&quot;*Nefes alabilir\\n*Kuma\u015f %100 pamuktan yap\u0131lm\u0131\u015ft\u0131r \\n*\u00c7ok y\u00f6nlu kullan\u0131m:\\n- Pamuklu havlular\u0131n cilt dostu ve yumu\u015fak kuma\u015f\u0131 \\n-a\u011f\u0131z bezi\\n-alt de\u011fi\u015ftirme bezi \\n-kundak \\n-klasik havlu \\n-bebek arabas\u0131 \u00f6rt\u00fcs\u00fc \\n-alt de\u011fi\u015ftirme bezi \\n-araba koltu\u011fu \u00f6rt\u00fcs\u00fc\\n-g\u00f6lgelik veya emekleme battaniyesi i\u00e7in idealdir.&quot;}\" data-sheets-userformat=\"{&quot;2&quot;:15297,&quot;3&quot;:{&quot;1&quot;:0},&quot;9&quot;:1,&quot;10&quot;:1,&quot;11&quot;:4,&quot;12&quot;:0,&quot;14&quot;:{&quot;1&quot;:2,&quot;2&quot;:3355443},&quot;15&quot;:&quot;source_sans_proregular&quot;,&quot;16&quot;:9}\">Pamuklu havlular\u0131n cilt dostu ve yumu\u015fak kuma\u015f\u0131<\/span><\/li>\n<li><span data-sheets-value=\"{&quot;1&quot;:2,&quot;2&quot;:&quot;*Nefes alabilir\\n*Kuma\u015f %100 pamuktan yap\u0131lm\u0131\u015ft\u0131r \\n*\u00c7ok y\u00f6nlu kullan\u0131m:\\n- Pamuklu havlular\u0131n cilt dostu ve yumu\u015fak kuma\u015f\u0131 \\n-a\u011f\u0131z bezi\\n-alt de\u011fi\u015ftirme bezi \\n-kundak \\n-klasik havlu \\n-bebek arabas\u0131 \u00f6rt\u00fcs\u00fc \\n-alt de\u011fi\u015ftirme bezi \\n-araba koltu\u011fu \u00f6rt\u00fcs\u00fc\\n-g\u00f6lgelik veya emekleme battaniyesi i\u00e7in idealdir.&quot;}\" data-sheets-userformat=\"{&quot;2&quot;:15297,&quot;3&quot;:{&quot;1&quot;:0},&quot;9&quot;:1,&quot;10&quot;:1,&quot;11&quot;:4,&quot;12&quot;:0,&quot;14&quot;:{&quot;1&quot;:2,&quot;2&quot;:3355443},&quot;15&quot;:&quot;source_sans_proregular&quot;,&quot;16&quot;:9}\">A\u011f\u0131z bezi<\/span><\/li>\n<li><span data-sheets-value=\"{&quot;1&quot;:2,&quot;2&quot;:&quot;*Nefes alabilir\\n*Kuma\u015f %100 pamuktan yap\u0131lm\u0131\u015ft\u0131r \\n*\u00c7ok y\u00f6nlu kullan\u0131m:\\n- Pamuklu havlular\u0131n cilt dostu ve yumu\u015fak kuma\u015f\u0131 \\n-a\u011f\u0131z bezi\\n-alt de\u011fi\u015ftirme bezi \\n-kundak \\n-klasik havlu \\n-bebek arabas\u0131 \u00f6rt\u00fcs\u00fc \\n-alt de\u011fi\u015ftirme bezi \\n-araba koltu\u011fu \u00f6rt\u00fcs\u00fc\\n-g\u00f6lgelik veya emekleme battaniyesi i\u00e7in idealdir.&quot;}\" data-sheets-userformat=\"{&quot;2&quot;:15297,&quot;3&quot;:{&quot;1&quot;:0},&quot;9&quot;:1,&quot;10&quot;:1,&quot;11&quot;:4,&quot;12&quot;:0,&quot;14&quot;:{&quot;1&quot;:2,&quot;2&quot;:3355443},&quot;15&quot;:&quot;source_sans_proregular&quot;,&quot;16&quot;:9}\">Alt de\u011fi\u015ftirme bezi<\/span><\/li>\n<li><span data-sheets-value=\"{&quot;1&quot;:2,&quot;2&quot;:&quot;*Nefes alabilir\\n*Kuma\u015f %100 pamuktan yap\u0131lm\u0131\u015ft\u0131r \\n*\u00c7ok y\u00f6nlu kullan\u0131m:\\n- Pamuklu havlular\u0131n cilt dostu ve yumu\u015fak kuma\u015f\u0131 \\n-a\u011f\u0131z bezi\\n-alt de\u011fi\u015ftirme bezi \\n-kundak \\n-klasik havlu \\n-bebek arabas\u0131 \u00f6rt\u00fcs\u00fc \\n-alt de\u011fi\u015ftirme bezi \\n-araba koltu\u011fu \u00f6rt\u00fcs\u00fc\\n-g\u00f6lgelik veya emekleme battaniyesi i\u00e7in idealdir.&quot;}\" data-sheets-userformat=\"{&quot;2&quot;:15297,&quot;3&quot;:{&quot;1&quot;:0},&quot;9&quot;:1,&quot;10&quot;:1,&quot;11&quot;:4,&quot;12&quot;:0,&quot;14&quot;:{&quot;1&quot;:2,&quot;2&quot;:3355443},&quot;15&quot;:&quot;source_sans_proregular&quot;,&quot;16&quot;:9}\">Kundak<\/span><\/li>\n<li><span data-sheets-value=\"{&quot;1&quot;:2,&quot;2&quot;:&quot;*Nefes alabilir\\n*Kuma\u015f %100 pamuktan yap\u0131lm\u0131\u015ft\u0131r \\n*\u00c7ok y\u00f6nlu kullan\u0131m:\\n- Pamuklu havlular\u0131n cilt dostu ve yumu\u015fak kuma\u015f\u0131 \\n-a\u011f\u0131z bezi\\n-alt de\u011fi\u015ftirme bezi \\n-kundak \\n-klasik havlu \\n-bebek arabas\u0131 \u00f6rt\u00fcs\u00fc \\n-alt de\u011fi\u015ftirme bezi \\n-araba koltu\u011fu \u00f6rt\u00fcs\u00fc\\n-g\u00f6lgelik veya emekleme battaniyesi i\u00e7in idealdir.&quot;}\" data-sheets-userformat=\"{&quot;2&quot;:15297,&quot;3&quot;:{&quot;1&quot;:0},&quot;9&quot;:1,&quot;10&quot;:1,&quot;11&quot;:4,&quot;12&quot;:0,&quot;14&quot;:{&quot;1&quot;:2,&quot;2&quot;:3355443},&quot;15&quot;:&quot;source_sans_proregular&quot;,&quot;16&quot;:9}\">Klasik havlu<\/span><\/li>\n<li><span data-sheets-value=\"{&quot;1&quot;:2,&quot;2&quot;:&quot;*Nefes alabilir\\n*Kuma\u015f %100 pamuktan yap\u0131lm\u0131\u015ft\u0131r \\n*\u00c7ok y\u00f6nlu kullan\u0131m:\\n- Pamuklu havlular\u0131n cilt dostu ve yumu\u015fak kuma\u015f\u0131 \\n-a\u011f\u0131z bezi\\n-alt de\u011fi\u015ftirme bezi \\n-kundak \\n-klasik havlu \\n-bebek arabas\u0131 \u00f6rt\u00fcs\u00fc \\n-alt de\u011fi\u015ftirme bezi \\n-araba koltu\u011fu \u00f6rt\u00fcs\u00fc\\n-g\u00f6lgelik veya emekleme battaniyesi i\u00e7in idealdir.&quot;}\" data-sheets-userformat=\"{&quot;2&quot;:15297,&quot;3&quot;:{&quot;1&quot;:0},&quot;9&quot;:1,&quot;10&quot;:1,&quot;11&quot;:4,&quot;12&quot;:0,&quot;14&quot;:{&quot;1&quot;:2,&quot;2&quot;:3355443},&quot;15&quot;:&quot;source_sans_proregular&quot;,&quot;16&quot;:9}\">Bebek arabas\u0131 \u00f6rt\u00fcs\u00fc<\/span><\/li>\n<li><span data-sheets-value=\"{&quot;1&quot;:2,&quot;2&quot;:&quot;*Nefes alabilir\\n*Kuma\u015f %100 pamuktan yap\u0131lm\u0131\u015ft\u0131r \\n*\u00c7ok y\u00f6nlu kullan\u0131m:\\n- Pamuklu havlular\u0131n cilt dostu ve yumu\u015fak kuma\u015f\u0131 \\n-a\u011f\u0131z bezi\\n-alt de\u011fi\u015ftirme bezi \\n-kundak \\n-klasik havlu \\n-bebek arabas\u0131 \u00f6rt\u00fcs\u00fc \\n-alt de\u011fi\u015ftirme bezi \\n-araba koltu\u011fu \u00f6rt\u00fcs\u00fc\\n-g\u00f6lgelik veya emekleme battaniyesi i\u00e7in idealdir.&quot;}\" data-sheets-userformat=\"{&quot;2&quot;:15297,&quot;3&quot;:{&quot;1&quot;:0},&quot;9&quot;:1,&quot;10&quot;:1,&quot;11&quot;:4,&quot;12&quot;:0,&quot;14&quot;:{&quot;1&quot;:2,&quot;2&quot;:3355443},&quot;15&quot;:&quot;source_sans_proregular&quot;,&quot;16&quot;:9}\">Alt de\u011fi\u015ftirme bezi<\/span><\/li>\n<li><span data-sheets-value=\"{&quot;1&quot;:2,&quot;2&quot;:&quot;*Nefes alabilir\\n*Kuma\u015f %100 pamuktan yap\u0131lm\u0131\u015ft\u0131r \\n*\u00c7ok y\u00f6nlu kullan\u0131m:\\n- Pamuklu havlular\u0131n cilt dostu ve yumu\u015fak kuma\u015f\u0131 \\n-a\u011f\u0131z bezi\\n-alt de\u011fi\u015ftirme bezi \\n-kundak \\n-klasik havlu \\n-bebek arabas\u0131 \u00f6rt\u00fcs\u00fc \\n-alt de\u011fi\u015ftirme bezi \\n-araba koltu\u011fu \u00f6rt\u00fcs\u00fc\\n-g\u00f6lgelik veya emekleme battaniyesi i\u00e7in idealdir.&quot;}\" data-sheets-userformat=\"{&quot;2&quot;:15297,&quot;3&quot;:{&quot;1&quot;:0},&quot;9&quot;:1,&quot;10&quot;:1,&quot;11&quot;:4,&quot;12&quot;:0,&quot;14&quot;:{&quot;1&quot;:2,&quot;2&quot;:3355443},&quot;15&quot;:&quot;source_sans_proregular&quot;,&quot;16&quot;:9}\">Araba koltu\u011fu \u00f6rt\u00fcs\u00fc<\/span><\/li>\n<\/ul>\n<p><span data-sheets-value=\"{&quot;1&quot;:2,&quot;2&quot;:&quot;*Nefes alabilir\\n*Kuma\u015f %100 pamuktan yap\u0131lm\u0131\u015ft\u0131r \\n*\u00c7ok y\u00f6nlu kullan\u0131m:\\n- Pamuklu havlular\u0131n cilt dostu ve yumu\u015fak kuma\u015f\u0131 \\n-a\u011f\u0131z bezi\\n-alt de\u011fi\u015ftirme bezi \\n-kundak \\n-klasik havlu \\n-bebek arabas\u0131 \u00f6rt\u00fcs\u00fc \\n-alt de\u011fi\u015ftirme bezi \\n-araba koltu\u011fu \u00f6rt\u00fcs\u00fc\\n-g\u00f6lgelik veya emekleme battaniyesi i\u00e7in idealdir.&quot;}\" data-sheets-userformat=\"{&quot;2&quot;:15297,&quot;3&quot;:{&quot;1&quot;:0},&quot;9&quot;:1,&quot;10&quot;:1,&quot;11&quot;:4,&quot;12&quot;:0,&quot;14&quot;:{&quot;1&quot;:2,&quot;2&quot;:3355443},&quot;15&quot;:&quot;source_sans_proregular&quot;,&quot;16&quot;:9}\">G\u00f6lgelik veya emekleme battaniyesi i\u00e7in idealdir.<\/span><\/p>\n","protected":false},"featured_media":976,"template":"","meta":[],"product_brand":[],"product_cat":[107,15,49],"product_tag":[],"class_list":{"0":"post-974","1":"product","2":"type-product","3":"status-publish","4":"has-post-thumbnail","6":"product_cat-aksesuar-grubu","7":"product_cat-battaniyeler","8":"product_cat-muslin-ortu","10":"first","11":"instock","12":"shipping-taxable","13":"product-type-simple"},"_links":{"self":[{"href":"https:\/\/yuarbaby.com\/ar\/wp-json\/wp\/v2\/product\/974","targetHints":{"allow":["GET"]}}],"collection":[{"href":"https:\/\/yuarbaby.com\/ar\/wp-json\/wp\/v2\/product"}],"about":[{"href":"https:\/\/yuarbaby.com\/ar\/wp-json\/wp\/v2\/types\/product"}],"wp:featuredmedia":[{"embeddable":true,"href":"https:\/\/yuarbaby.com\/ar\/wp-json\/wp\/v2\/media\/976"}],"wp:attachment":[{"href":"https:\/\/yuarbaby.com\/ar\/wp-json\/wp\/v2\/media?parent=974"}],"wp:term":[{"taxonomy":"product_brand","embeddable":true,"href":"https:\/\/yuarbaby.com\/ar\/wp-json\/wp\/v2\/product_brand?post=974"},{"taxonomy":"product_cat","embeddable":true,"href":"https:\/\/yuarbaby.com\/ar\/wp-json\/wp\/v2\/product_cat?post=974"},{"taxonomy":"product_tag","embeddable":true,"href":"https:\/\/yuarbaby.com\/ar\/wp-json\/wp\/v2\/product_tag?post=974"}],"curies":[{"name":"wp","href":"https:\/\/api.w.org\/{rel}","templated":true}]}}