{"id":972,"date":"2022-03-15T16:30:28","date_gmt":"2022-03-15T13:30:28","guid":{"rendered":"https:\/\/yuarbaby.com\/ar\/?post_type=product&#038;p=972"},"modified":"2024-01-02T09:54:58","modified_gmt":"2024-01-02T06:54:58","slug":"4-kat-muslin-ortu","status":"publish","type":"product","link":"https:\/\/yuarbaby.com\/ar\/urun\/4-kat-muslin-ortu\/","title":{"rendered":"\u063a\u0637\u0627\u0621 \u0645\u0648\u0633\u0644\u064a\u0646 \u0631\u0628\u0627\u0639\u064a \u0627\u0644\u0637\u0628\u0642\u0627\u062a"},"content":{"rendered":"","protected":false},"excerpt":{"rendered":"<ul>\n<li><span data-sheets-value=\"{&quot;1&quot;:2,&quot;2&quot;:&quot;*%100 pamuk ipli\u011finden \u00fcretilmi\u015f 4 kat m\u00fcslin kuma\u015ft\u0131r. \\n* Yumu\u015fakl\u0131\u011f\u0131n\u0131 y\u0131kand\u0131k\u00e7a korur. \\n* Battaniye , havlu , kundak ve emzirme \u00f6rt\u00fcs\u00fc olarak kullan\u0131labilir. \\n* Su emici \u00f6zelli\u011fi vard\u0131r. \\n* 4 Mevsim kullan\u0131ma uygundur.\\n* Nefes alabilen yap\u0131s\u0131yla terletmez.&quot;}\" data-sheets-userformat=\"{&quot;2&quot;:15299,&quot;3&quot;:{&quot;1&quot;:0},&quot;4&quot;:{&quot;1&quot;:2,&quot;2&quot;:16777215},&quot;9&quot;:1,&quot;10&quot;:1,&quot;11&quot;:4,&quot;12&quot;:0,&quot;14&quot;:{&quot;1&quot;:2,&quot;2&quot;:3355443},&quot;15&quot;:&quot;source_sans_proregular&quot;,&quot;16&quot;:9}\">%100 pamuk ipli\u011finden \u00fcretilmi\u015f 4 kat M\u00fcslin kuma\u015ft\u0131r.<\/span><\/li>\n<li><span data-sheets-value=\"{&quot;1&quot;:2,&quot;2&quot;:&quot;*%100 pamuk ipli\u011finden \u00fcretilmi\u015f 4 kat m\u00fcslin kuma\u015ft\u0131r. \\n* Yumu\u015fakl\u0131\u011f\u0131n\u0131 y\u0131kand\u0131k\u00e7a korur. \\n* Battaniye , havlu , kundak ve emzirme \u00f6rt\u00fcs\u00fc olarak kullan\u0131labilir. \\n* Su emici \u00f6zelli\u011fi vard\u0131r. \\n* 4 Mevsim kullan\u0131ma uygundur.\\n* Nefes alabilen yap\u0131s\u0131yla terletmez.&quot;}\" data-sheets-userformat=\"{&quot;2&quot;:15299,&quot;3&quot;:{&quot;1&quot;:0},&quot;4&quot;:{&quot;1&quot;:2,&quot;2&quot;:16777215},&quot;9&quot;:1,&quot;10&quot;:1,&quot;11&quot;:4,&quot;12&quot;:0,&quot;14&quot;:{&quot;1&quot;:2,&quot;2&quot;:3355443},&quot;15&quot;:&quot;source_sans_proregular&quot;,&quot;16&quot;:9}\">Yumu\u015fakl\u0131\u011f\u0131n\u0131 y\u0131kand\u0131k\u00e7a korur.<\/span><\/li>\n<li><span data-sheets-value=\"{&quot;1&quot;:2,&quot;2&quot;:&quot;*%100 pamuk ipli\u011finden \u00fcretilmi\u015f 4 kat m\u00fcslin kuma\u015ft\u0131r. \\n* Yumu\u015fakl\u0131\u011f\u0131n\u0131 y\u0131kand\u0131k\u00e7a korur. \\n* Battaniye , havlu , kundak ve emzirme \u00f6rt\u00fcs\u00fc olarak kullan\u0131labilir. \\n* Su emici \u00f6zelli\u011fi vard\u0131r. \\n* 4 Mevsim kullan\u0131ma uygundur.\\n* Nefes alabilen yap\u0131s\u0131yla terletmez.&quot;}\" data-sheets-userformat=\"{&quot;2&quot;:15299,&quot;3&quot;:{&quot;1&quot;:0},&quot;4&quot;:{&quot;1&quot;:2,&quot;2&quot;:16777215},&quot;9&quot;:1,&quot;10&quot;:1,&quot;11&quot;:4,&quot;12&quot;:0,&quot;14&quot;:{&quot;1&quot;:2,&quot;2&quot;:3355443},&quot;15&quot;:&quot;source_sans_proregular&quot;,&quot;16&quot;:9}\">Battaniye , havlu , kundak ve emzirme \u00f6rt\u00fcs\u00fc olarak kullan\u0131labilir.<\/span><\/li>\n<li><span data-sheets-value=\"{&quot;1&quot;:2,&quot;2&quot;:&quot;*%100 pamuk ipli\u011finden \u00fcretilmi\u015f 4 kat m\u00fcslin kuma\u015ft\u0131r. \\n* Yumu\u015fakl\u0131\u011f\u0131n\u0131 y\u0131kand\u0131k\u00e7a korur. \\n* Battaniye , havlu , kundak ve emzirme \u00f6rt\u00fcs\u00fc olarak kullan\u0131labilir. \\n* Su emici \u00f6zelli\u011fi vard\u0131r. \\n* 4 Mevsim kullan\u0131ma uygundur.\\n* Nefes alabilen yap\u0131s\u0131yla terletmez.&quot;}\" data-sheets-userformat=\"{&quot;2&quot;:15299,&quot;3&quot;:{&quot;1&quot;:0},&quot;4&quot;:{&quot;1&quot;:2,&quot;2&quot;:16777215},&quot;9&quot;:1,&quot;10&quot;:1,&quot;11&quot;:4,&quot;12&quot;:0,&quot;14&quot;:{&quot;1&quot;:2,&quot;2&quot;:3355443},&quot;15&quot;:&quot;source_sans_proregular&quot;,&quot;16&quot;:9}\">Su emici \u00f6zelli\u011fi vard\u0131r.<\/span><\/li>\n<li><span data-sheets-value=\"{&quot;1&quot;:2,&quot;2&quot;:&quot;*%100 pamuk ipli\u011finden \u00fcretilmi\u015f 4 kat m\u00fcslin kuma\u015ft\u0131r. \\n* Yumu\u015fakl\u0131\u011f\u0131n\u0131 y\u0131kand\u0131k\u00e7a korur. \\n* Battaniye , havlu , kundak ve emzirme \u00f6rt\u00fcs\u00fc olarak kullan\u0131labilir. \\n* Su emici \u00f6zelli\u011fi vard\u0131r. \\n* 4 Mevsim kullan\u0131ma uygundur.\\n* Nefes alabilen yap\u0131s\u0131yla terletmez.&quot;}\" data-sheets-userformat=\"{&quot;2&quot;:15299,&quot;3&quot;:{&quot;1&quot;:0},&quot;4&quot;:{&quot;1&quot;:2,&quot;2&quot;:16777215},&quot;9&quot;:1,&quot;10&quot;:1,&quot;11&quot;:4,&quot;12&quot;:0,&quot;14&quot;:{&quot;1&quot;:2,&quot;2&quot;:3355443},&quot;15&quot;:&quot;source_sans_proregular&quot;,&quot;16&quot;:9}\">4 Mevsim kullan\u0131ma uygundur.<\/span><\/li>\n<li><span data-sheets-value=\"{&quot;1&quot;:2,&quot;2&quot;:&quot;*%100 pamuk ipli\u011finden \u00fcretilmi\u015f 4 kat m\u00fcslin kuma\u015ft\u0131r. \\n* Yumu\u015fakl\u0131\u011f\u0131n\u0131 y\u0131kand\u0131k\u00e7a korur. \\n* Battaniye , havlu , kundak ve emzirme \u00f6rt\u00fcs\u00fc olarak kullan\u0131labilir. \\n* Su emici \u00f6zelli\u011fi vard\u0131r. \\n* 4 Mevsim kullan\u0131ma uygundur.\\n* Nefes alabilen yap\u0131s\u0131yla terletmez.&quot;}\" data-sheets-userformat=\"{&quot;2&quot;:15299,&quot;3&quot;:{&quot;1&quot;:0},&quot;4&quot;:{&quot;1&quot;:2,&quot;2&quot;:16777215},&quot;9&quot;:1,&quot;10&quot;:1,&quot;11&quot;:4,&quot;12&quot;:0,&quot;14&quot;:{&quot;1&quot;:2,&quot;2&quot;:3355443},&quot;15&quot;:&quot;source_sans_proregular&quot;,&quot;16&quot;:9}\">Nefes alabilen yap\u0131s\u0131yla terletmez.<\/span><\/li>\n<\/ul>\n","protected":false},"featured_media":1117,"template":"","meta":[],"product_brand":[],"product_cat":[107,15,49],"product_tag":[],"class_list":{"0":"post-972","1":"product","2":"type-product","3":"status-publish","4":"has-post-thumbnail","6":"product_cat-aksesuar-grubu","7":"product_cat-battaniyeler","8":"product_cat-muslin-ortu","10":"first","11":"instock","12":"shipping-taxable","13":"product-type-simple"},"_links":{"self":[{"href":"https:\/\/yuarbaby.com\/ar\/wp-json\/wp\/v2\/product\/972","targetHints":{"allow":["GET"]}}],"collection":[{"href":"https:\/\/yuarbaby.com\/ar\/wp-json\/wp\/v2\/product"}],"about":[{"href":"https:\/\/yuarbaby.com\/ar\/wp-json\/wp\/v2\/types\/product"}],"wp:featuredmedia":[{"embeddable":true,"href":"https:\/\/yuarbaby.com\/ar\/wp-json\/wp\/v2\/media\/1117"}],"wp:attachment":[{"href":"https:\/\/yuarbaby.com\/ar\/wp-json\/wp\/v2\/media?parent=972"}],"wp:term":[{"taxonomy":"product_brand","embeddable":true,"href":"https:\/\/yuarbaby.com\/ar\/wp-json\/wp\/v2\/product_brand?post=972"},{"taxonomy":"product_cat","embeddable":true,"href":"https:\/\/yuarbaby.com\/ar\/wp-json\/wp\/v2\/product_cat?post=972"},{"taxonomy":"product_tag","embeddable":true,"href":"https:\/\/yuarbaby.com\/ar\/wp-json\/wp\/v2\/product_tag?post=972"}],"curies":[{"name":"wp","href":"https:\/\/api.w.org\/{rel}","templated":true}]}}