{"id":970,"date":"2022-03-15T16:27:16","date_gmt":"2022-03-15T13:27:16","guid":{"rendered":"https:\/\/yuarbaby.com\/ar\/?post_type=product&#038;p=970"},"modified":"2024-01-02T09:55:10","modified_gmt":"2024-01-02T06:55:10","slug":"luks-oyun-cadiri","status":"publish","type":"product","link":"https:\/\/yuarbaby.com\/ar\/urun\/luks-oyun-cadiri\/","title":{"rendered":"\u062e\u064a\u0645\u0629 \u0637\u0641\u0644 \u0641\u062e\u0627\u0645\u0629"},"content":{"rendered":"<table>\n<tbody>\n<tr>\n<td><span style=\"font-weight: 400;\">\u00dcr\u00fcn<\/span><\/td>\n<td><span style=\"font-weight: 400;\">Oyun \u00c7ad\u0131r\u0131<\/span><\/td>\n<\/tr>\n<tr>\n<td><span style=\"font-weight: 400;\">Kuma\u015f<\/span><\/td>\n<td><span style=\"font-weight: 400;\">pamuklu kuma\u015f<\/span><\/td>\n<\/tr>\n<tr>\n<td><span style=\"font-weight: 400;\">Zemin<\/span><\/td>\n<td><span style=\"font-weight: 400;\">110&#215;110 cm<\/span><\/td>\n<\/tr>\n<tr>\n<td><span style=\"font-weight: 400;\">Y\u00fckseklik<\/span><\/td>\n<td><span style=\"font-weight: 400;\">150 cm<\/span><\/td>\n<\/tr>\n<tr>\n<td><span style=\"font-weight: 400;\">Stand<\/span><\/td>\n<td><span style=\"font-weight: 400;\">4 adet Ah\u015fap<\/span><\/td>\n<\/tr>\n<\/tbody>\n<\/table>\n","protected":false},"excerpt":{"rendered":"<p>\u00dcr\u00fcn Oyun \u00c7ad\u0131r\u0131 Kuma\u015f pamuklu kuma\u015f Zemin 110&#215;110 cm Y\u00fckseklik 150 cm Stand 4 adet Ah\u015fap<\/p>\n","protected":false},"featured_media":971,"template":"","meta":[],"product_brand":[],"product_cat":[107,64],"product_tag":[],"class_list":{"0":"post-970","1":"product","2":"type-product","3":"status-publish","4":"has-post-thumbnail","6":"product_cat-aksesuar-grubu","7":"product_cat-oyun-cadiri","9":"first","10":"instock","11":"shipping-taxable","12":"product-type-simple"},"_links":{"self":[{"href":"https:\/\/yuarbaby.com\/ar\/wp-json\/wp\/v2\/product\/970","targetHints":{"allow":["GET"]}}],"collection":[{"href":"https:\/\/yuarbaby.com\/ar\/wp-json\/wp\/v2\/product"}],"about":[{"href":"https:\/\/yuarbaby.com\/ar\/wp-json\/wp\/v2\/types\/product"}],"wp:featuredmedia":[{"embeddable":true,"href":"https:\/\/yuarbaby.com\/ar\/wp-json\/wp\/v2\/media\/971"}],"wp:attachment":[{"href":"https:\/\/yuarbaby.com\/ar\/wp-json\/wp\/v2\/media?parent=970"}],"wp:term":[{"taxonomy":"product_brand","embeddable":true,"href":"https:\/\/yuarbaby.com\/ar\/wp-json\/wp\/v2\/product_brand?post=970"},{"taxonomy":"product_cat","embeddable":true,"href":"https:\/\/yuarbaby.com\/ar\/wp-json\/wp\/v2\/product_cat?post=970"},{"taxonomy":"product_tag","embeddable":true,"href":"https:\/\/yuarbaby.com\/ar\/wp-json\/wp\/v2\/product_tag?post=970"}],"curies":[{"name":"wp","href":"https:\/\/api.w.org\/{rel}","templated":true}]}}