{"id":944,"date":"2022-03-15T15:55:51","date_gmt":"2022-03-15T12:55:51","guid":{"rendered":"https:\/\/yuarbaby.com\/ar\/?post_type=product&#038;p=944"},"modified":"2024-01-02T09:55:58","modified_gmt":"2024-01-02T06:55:58","slug":"yildizli-sari-puset-minderi","status":"publish","type":"product","link":"https:\/\/yuarbaby.com\/ar\/urun\/yildizli-sari-puset-minderi\/","title":{"rendered":"\u0627\u0635\u0641\u0631 \u0646\u062c\u0645\u0627\u062a"},"content":{"rendered":"","protected":false},"excerpt":{"rendered":"<p><span data-sheets-value=\"{&quot;1&quot;:2,&quot;2&quot;:&quot;\u00fcr\u00fcn ebatlar\u0131 37x75cm dir.d\u0131\u015f kuma\u015f 100% pamuklu kuma\u015ft\u0131r.i\u00e7 dolgu silikonlu boncuk elyaft\u0131r. bebe\u011fin puset i\u00e7erisindeki rahat\u0131 ve konforu i\u00e7in \u00fcretilmi\u015ftir. t\u00fcm pusetler i\u00e7in kullan\u0131labilir&quot;}\" data-sheets-userformat=\"{&quot;2&quot;:9153,&quot;3&quot;:{&quot;1&quot;:0},&quot;9&quot;:1,&quot;10&quot;:1,&quot;11&quot;:4,&quot;12&quot;:0,&quot;16&quot;:12}\">YUAR BABY Puset Minderi ile bebe\u011fin arabas\u0131 ve koltu\u011funda rahat s\u0131rt\u0131n\u0131n yaslanmas\u0131n\u0131 sa\u011flar.<\/span><\/p>\n<ul>\n<li><span data-sheets-value=\"{&quot;1&quot;:2,&quot;2&quot;:&quot;\u00fcr\u00fcn ebatlar\u0131 37x75cm dir.d\u0131\u015f kuma\u015f 100% pamuklu kuma\u015ft\u0131r.i\u00e7 dolgu silikonlu boncuk elyaft\u0131r. bebe\u011fin puset i\u00e7erisindeki rahat\u0131 ve konforu i\u00e7in \u00fcretilmi\u015ftir. t\u00fcm pusetler i\u00e7in kullan\u0131labilir&quot;}\" data-sheets-userformat=\"{&quot;2&quot;:9153,&quot;3&quot;:{&quot;1&quot;:0},&quot;9&quot;:1,&quot;10&quot;:1,&quot;11&quot;:4,&quot;12&quot;:0,&quot;16&quot;:12}\">\u00dcr\u00fcn ebatlar\u0131 37x75cm dir.<\/span><\/li>\n<li><span data-sheets-value=\"{&quot;1&quot;:2,&quot;2&quot;:&quot;\u00fcr\u00fcn ebatlar\u0131 37x75cm dir.d\u0131\u015f kuma\u015f 100% pamuklu kuma\u015ft\u0131r.i\u00e7 dolgu silikonlu boncuk elyaft\u0131r. bebe\u011fin puset i\u00e7erisindeki rahat\u0131 ve konforu i\u00e7in \u00fcretilmi\u015ftir. t\u00fcm pusetler i\u00e7in kullan\u0131labilir&quot;}\" data-sheets-userformat=\"{&quot;2&quot;:9153,&quot;3&quot;:{&quot;1&quot;:0},&quot;9&quot;:1,&quot;10&quot;:1,&quot;11&quot;:4,&quot;12&quot;:0,&quot;16&quot;:12}\">D\u0131\u015f kuma\u015f 100% pamuklu kuma\u015ft\u0131r.<\/span><\/li>\n<li><span data-sheets-value=\"{&quot;1&quot;:2,&quot;2&quot;:&quot;\u00fcr\u00fcn ebatlar\u0131 37x75cm dir.d\u0131\u015f kuma\u015f 100% pamuklu kuma\u015ft\u0131r.i\u00e7 dolgu silikonlu boncuk elyaft\u0131r. bebe\u011fin puset i\u00e7erisindeki rahat\u0131 ve konforu i\u00e7in \u00fcretilmi\u015ftir. t\u00fcm pusetler i\u00e7in kullan\u0131labilir&quot;}\" data-sheets-userformat=\"{&quot;2&quot;:9153,&quot;3&quot;:{&quot;1&quot;:0},&quot;9&quot;:1,&quot;10&quot;:1,&quot;11&quot;:4,&quot;12&quot;:0,&quot;16&quot;:12}\">\u0130\u00e7 dolgu silikonlu boncuk elyaft\u0131r. <\/span><\/li>\n<li><span data-sheets-value=\"{&quot;1&quot;:2,&quot;2&quot;:&quot;\u00fcr\u00fcn ebatlar\u0131 37x75cm dir.d\u0131\u015f kuma\u015f 100% pamuklu kuma\u015ft\u0131r.i\u00e7 dolgu silikonlu boncuk elyaft\u0131r. bebe\u011fin puset i\u00e7erisindeki rahat\u0131 ve konforu i\u00e7in \u00fcretilmi\u015ftir. t\u00fcm pusetler i\u00e7in kullan\u0131labilir&quot;}\" data-sheets-userformat=\"{&quot;2&quot;:9153,&quot;3&quot;:{&quot;1&quot;:0},&quot;9&quot;:1,&quot;10&quot;:1,&quot;11&quot;:4,&quot;12&quot;:0,&quot;16&quot;:12}\">Bebe\u011fin puset i\u00e7erisindeki rahat\u0131 ve konforu i\u00e7in \u00fcretilmi\u015ftir. <\/span><\/li>\n<li><span data-sheets-value=\"{&quot;1&quot;:2,&quot;2&quot;:&quot;\u00fcr\u00fcn ebatlar\u0131 37x75cm dir.d\u0131\u015f kuma\u015f 100% pamuklu kuma\u015ft\u0131r.i\u00e7 dolgu silikonlu boncuk elyaft\u0131r. bebe\u011fin puset i\u00e7erisindeki rahat\u0131 ve konforu i\u00e7in \u00fcretilmi\u015ftir. t\u00fcm pusetler i\u00e7in kullan\u0131labilir&quot;}\" data-sheets-userformat=\"{&quot;2&quot;:9153,&quot;3&quot;:{&quot;1&quot;:0},&quot;9&quot;:1,&quot;10&quot;:1,&quot;11&quot;:4,&quot;12&quot;:0,&quot;16&quot;:12}\">T\u00fcm pusetler i\u00e7in kullan\u0131labilir.<\/span><\/li>\n<\/ul>\n","protected":false},"featured_media":1597,"template":"","meta":[],"product_brand":[],"product_cat":[107,109,52],"product_tag":[],"class_list":{"0":"post-944","1":"product","2":"type-product","3":"status-publish","4":"has-post-thumbnail","6":"product_cat-aksesuar-grubu","7":"product_cat-seyahat-grubu","8":"product_cat-puset-minderi","10":"first","11":"instock","12":"shipping-taxable","13":"product-type-simple"},"_links":{"self":[{"href":"https:\/\/yuarbaby.com\/ar\/wp-json\/wp\/v2\/product\/944","targetHints":{"allow":["GET"]}}],"collection":[{"href":"https:\/\/yuarbaby.com\/ar\/wp-json\/wp\/v2\/product"}],"about":[{"href":"https:\/\/yuarbaby.com\/ar\/wp-json\/wp\/v2\/types\/product"}],"wp:featuredmedia":[{"embeddable":true,"href":"https:\/\/yuarbaby.com\/ar\/wp-json\/wp\/v2\/media\/1597"}],"wp:attachment":[{"href":"https:\/\/yuarbaby.com\/ar\/wp-json\/wp\/v2\/media?parent=944"}],"wp:term":[{"taxonomy":"product_brand","embeddable":true,"href":"https:\/\/yuarbaby.com\/ar\/wp-json\/wp\/v2\/product_brand?post=944"},{"taxonomy":"product_cat","embeddable":true,"href":"https:\/\/yuarbaby.com\/ar\/wp-json\/wp\/v2\/product_cat?post=944"},{"taxonomy":"product_tag","embeddable":true,"href":"https:\/\/yuarbaby.com\/ar\/wp-json\/wp\/v2\/product_tag?post=944"}],"curies":[{"name":"wp","href":"https:\/\/api.w.org\/{rel}","templated":true}]}}