{"id":927,"date":"2022-03-15T15:41:55","date_gmt":"2022-03-15T12:41:55","guid":{"rendered":"https:\/\/yuarbaby.com\/ar\/?post_type=product&#038;p=927"},"modified":"2024-01-02T09:58:34","modified_gmt":"2024-01-02T06:58:34","slug":"yildizli-acik-mavi-emzirme-onlugu","status":"publish","type":"product","link":"https:\/\/yuarbaby.com\/ar\/urun\/yildizli-acik-mavi-emzirme-onlugu\/","title":{"rendered":"\u0627\u0632\u0631\u0642 \u0646\u062c\u0645\u0627\u062a"},"content":{"rendered":"","protected":false},"excerpt":{"rendered":"<p>Emzirme \u00d6nl\u00fc\u011f\u00fc, ihtiyac\u0131n\u0131z olan her yerde sizi koruyacak, ayn\u0131 zamanda bebe\u011finizle g\u00f6z temas\u0131 kurman\u0131za olanak tan\u0131yacakt\u0131r.<\/p>\n<ul>\n<li>Yuar Baby Emzirme \u00d6nl\u00fc\u011f\u00fc pamuklu kuma\u015f\u0131 sayesinde, bebe\u011finizi terletmeden emzirmenizi sa\u011flar.<\/li>\n<li>100% Pamuktan \u00fcretti\u011fimiz bu \u00fcr\u00fcn, anne ve bebe\u011fin konforu d\u00fc\u015f\u00fcn\u00fclerek tasarlanm\u0131\u015ft\u0131r.<\/li>\n<li>D\u0131\u015far\u0131da bebe\u011finizi emzirmeyi daha rahat ve konforlu hale getirmek i\u00e7in emzirme \u00f6nl\u00fc\u011f\u00fcm\u00fcz\u00fc kullanabilirsiniz.<\/li>\n<li>Boyun ask\u0131s\u0131 c\u0131rt c\u0131rtl\u0131 olarak yap\u0131lm\u0131\u015ft\u0131r ve \u00f6nl\u00fc\u011f\u00fcn\u00fcz\u00fcn y\u00fcksekli\u011fini kendi bedeninize g\u00f6re ayarlayabilirsiniz.<\/li>\n<li>G\u00f6\u011f\u00fcs hizas\u0131ndaki kuma\u015f\u0131n i\u00e7ine gizlenmi\u015f plastik aparat bebe\u011finiz ile aran\u0131zda k\u00fc\u00e7\u00fck bir pencere a\u00e7makta ve emzirme esnas\u0131nda bebe\u011finizi g\u00f6rebilmenize yard\u0131mc\u0131 olmaktad\u0131r.<\/li>\n<li>Emzirme esnas\u0131nda \u00f6nl\u00fc\u011f\u00fcn a\u00e7\u0131lma , gerilme vs. yapmamas\u0131 i\u00e7in tasarlanm\u0131\u015ft\u0131r.<\/li>\n<li>Kuma\u015flar\u0131m\u0131z %100 pamukludur.<\/li>\n<\/ul>\n","protected":false},"featured_media":914,"template":"","meta":[],"product_brand":[],"product_cat":[107,108,54],"product_tag":[],"class_list":{"0":"post-927","1":"product","2":"type-product","3":"status-publish","4":"has-post-thumbnail","6":"product_cat-aksesuar-grubu","7":"product_cat-emzirme-grubu","8":"product_cat-emzirme-onlugu","10":"first","11":"instock","12":"shipping-taxable","13":"product-type-simple"},"_links":{"self":[{"href":"https:\/\/yuarbaby.com\/ar\/wp-json\/wp\/v2\/product\/927","targetHints":{"allow":["GET"]}}],"collection":[{"href":"https:\/\/yuarbaby.com\/ar\/wp-json\/wp\/v2\/product"}],"about":[{"href":"https:\/\/yuarbaby.com\/ar\/wp-json\/wp\/v2\/types\/product"}],"wp:featuredmedia":[{"embeddable":true,"href":"https:\/\/yuarbaby.com\/ar\/wp-json\/wp\/v2\/media\/914"}],"wp:attachment":[{"href":"https:\/\/yuarbaby.com\/ar\/wp-json\/wp\/v2\/media?parent=927"}],"wp:term":[{"taxonomy":"product_brand","embeddable":true,"href":"https:\/\/yuarbaby.com\/ar\/wp-json\/wp\/v2\/product_brand?post=927"},{"taxonomy":"product_cat","embeddable":true,"href":"https:\/\/yuarbaby.com\/ar\/wp-json\/wp\/v2\/product_cat?post=927"},{"taxonomy":"product_tag","embeddable":true,"href":"https:\/\/yuarbaby.com\/ar\/wp-json\/wp\/v2\/product_tag?post=927"}],"curies":[{"name":"wp","href":"https:\/\/api.w.org\/{rel}","templated":true}]}}