{"id":910,"date":"2022-03-15T13:09:20","date_gmt":"2022-03-15T10:09:20","guid":{"rendered":"https:\/\/yuarbaby.com\/ar\/?post_type=product&#038;p=910"},"modified":"2024-01-02T10:00:05","modified_gmt":"2024-01-02T07:00:05","slug":"sari-luks-cibinlik","status":"publish","type":"product","link":"https:\/\/yuarbaby.com\/ar\/urun\/sari-luks-cibinlik\/","title":{"rendered":"\u0627\u0635\u0641\u0631"},"content":{"rendered":"","protected":false},"excerpt":{"rendered":"<p><span data-sheets-value=\"{&quot;1&quot;:2,&quot;2&quot;:&quot;Cibinlik yumu\u015fak grek t\u00fclden yap\u0131lm\u0131\u015ft\u0131r.\\r\\nCibinli\u011fin \u00fczerindeki kuma\u015flar 100% pamukludur.\\r\\nCibinli\u011fin boyu 4 metre y\u00fcksekli\u011fi 180 cm dir.\\r\\nCibinlik demiri aparat\u0131 \u00f6zel \u00fcretim beyaz renktir.\\r\\nB\u00fct\u00fcn mobilya be\u015fiklerle kullan\u0131labilir.\\r\\nB\u00fcy\u00fck be\u015fiklerle kullan\u0131m i\u00e7in cibinlik boyu de\u011fi\u015febilir.&quot;}\" data-sheets-userformat=\"{&quot;2&quot;:9153,&quot;3&quot;:{&quot;1&quot;:0},&quot;9&quot;:1,&quot;10&quot;:1,&quot;11&quot;:4,&quot;12&quot;:0,&quot;16&quot;:12}\">Cibinlik yumu\u015fak grek t\u00fclden yap\u0131lm\u0131\u015ft\u0131r.<br \/>\nCibinli\u011fin \u00fczerindeki kuma\u015flar 100% pamukludur.<br \/>\nCibinli\u011fin boyu 4 metre y\u00fcksekli\u011fi 180 cm dir.<br \/>\nCibinlik demiri aparat\u0131 \u00f6zel \u00fcretim beyaz renktir.<br \/>\nB\u00fct\u00fcn mobilya be\u015fiklerle kullan\u0131labilir.<br \/>\nB\u00fcy\u00fck be\u015fiklerle kullan\u0131m i\u00e7in cibinlik boyu de\u011fi\u015febilir.<\/span><\/p>\n","protected":false},"featured_media":903,"template":"","meta":[],"product_brand":[],"product_cat":[158,107,61],"product_tag":[],"class_list":{"0":"post-910","1":"product","2":"type-product","3":"status-publish","4":"has-post-thumbnail","6":"product_cat-luks-cibinlik","7":"product_cat-aksesuar-grubu","8":"product_cat-cibinlik","10":"first","11":"instock","12":"shipping-taxable","13":"product-type-simple"},"_links":{"self":[{"href":"https:\/\/yuarbaby.com\/ar\/wp-json\/wp\/v2\/product\/910","targetHints":{"allow":["GET"]}}],"collection":[{"href":"https:\/\/yuarbaby.com\/ar\/wp-json\/wp\/v2\/product"}],"about":[{"href":"https:\/\/yuarbaby.com\/ar\/wp-json\/wp\/v2\/types\/product"}],"wp:featuredmedia":[{"embeddable":true,"href":"https:\/\/yuarbaby.com\/ar\/wp-json\/wp\/v2\/media\/903"}],"wp:attachment":[{"href":"https:\/\/yuarbaby.com\/ar\/wp-json\/wp\/v2\/media?parent=910"}],"wp:term":[{"taxonomy":"product_brand","embeddable":true,"href":"https:\/\/yuarbaby.com\/ar\/wp-json\/wp\/v2\/product_brand?post=910"},{"taxonomy":"product_cat","embeddable":true,"href":"https:\/\/yuarbaby.com\/ar\/wp-json\/wp\/v2\/product_cat?post=910"},{"taxonomy":"product_tag","embeddable":true,"href":"https:\/\/yuarbaby.com\/ar\/wp-json\/wp\/v2\/product_tag?post=910"}],"curies":[{"name":"wp","href":"https:\/\/api.w.org\/{rel}","templated":true}]}}