{"id":660,"date":"2022-03-11T05:32:18","date_gmt":"2022-03-11T02:32:18","guid":{"rendered":"https:\/\/yuarbaby.com\/ar\/?post_type=product&#038;p=660"},"modified":"2024-01-02T10:04:15","modified_gmt":"2024-01-02T07:04:15","slug":"yildizli-desenli-yesil-babynest","status":"publish","type":"product","link":"https:\/\/yuarbaby.com\/ar\/urun\/yildizli-desenli-yesil-babynest\/","title":{"rendered":"\u0627\u062e\u0636\u0631 \u0646\u062c\u0645\u0627\u062a"},"content":{"rendered":"","protected":false},"excerpt":{"rendered":"<p>BABYNEST, bebe\u011finizin refah\u0131n\u0131 sa\u011flamak i\u00e7in g\u00fcvenli ve toksik olmayan malzemelerden \u00fcretilmi\u015ftir. Nefes alabilen kuma\u015f hava ak\u0131\u015f\u0131n\u0131 te\u015fvik ederek a\u015f\u0131r\u0131 \u0131s\u0131nmay\u0131 \u00f6nler ve bebe\u011finiz i\u00e7in rahat bir ortam sa\u011flar. Makinede y\u0131kanabilen \u00e7\u0131kar\u0131labilir k\u0131l\u0131f\u0131 sayesinde bebe\u011finizin ortam\u0131n\u0131 temiz ve ferah tutmak, ihtiya\u00e7 duyuldu\u011funda rahat temizlik yap\u0131lmas\u0131na olanak tan\u0131r.<\/p>\n<ul>\n<li><span data-sheets-value=\"{&quot;1&quot;:2,&quot;2&quot;:&quot;*Setin i\u00e7erisindeki t\u00fcm \u00fcr\u00fcnler 100%pamuklu kuma\u015ftan yap\u0131lm\u0131\u015ft\u0131r.n*Puset \u00f6rt\u00fcs\u00fc: 80x100cm dir. T\u00fcm pusetler ile uyumludurn*Emzirme \u00d6nl\u00fc\u011f\u00fc: 72x110 cm dir. Boyun ask\u0131s\u0131 c\u0131rtl\u0131d\u0131r. c\u0131rt uzunlu\u011fu 10 cm dir bu sayese ask\u0131 uzunlu\u011fu ayarlanabilir.G\u00f6\u011f\u00fcs hizas\u0131nda plastik aparat yard\u0131m\u0131 ile olu\u015fan pencereden anne ile bebek birbirini g\u00f6rebilir.n*Emzirme Minderi: D\u0131\u015f k\u0131l\u0131f fermuarl\u0131d\u0131r i\u00e7 minder \u00e7\u0131kar\u0131l\u0131p k\u0131l\u0131f makinede y\u0131kanabilir. \u0130\u00e7 dolgu malzemesi 100% silikon elyaft\u0131r. Ebatlar\u0131 55x75 cm dir minderin dolgunlu\u011fu olduk\u00e7a iyidir.n*Babynest: D\u0131\u015f \u00f6l\u00e7\u00fc 60x90 cm i\u00e7 yatak \u00f6l\u00e7\u00fcs\u00fc 36x66 cm dir. Fermuarl\u0131 yap\u0131s\u0131 ile i\u00e7 s\u00fcnger \u00e7\u0131kar\u0131labilir. \u00c7ift tarafl\u0131 kullan\u0131labilir. yan dolgu malzemesi 100%silikon elyaft\u0131r.Ta\u015f\u0131maya yard\u0131mc\u0131 saplar\u0131 mevcuttur.n&quot;}\" data-sheets-userformat=\"{&quot;2&quot;:9153,&quot;3&quot;:{&quot;1&quot;:0},&quot;9&quot;:1,&quot;10&quot;:1,&quot;11&quot;:4,&quot;12&quot;:0,&quot;16&quot;:12}\" data-sheets-textstyleruns=\"{&quot;1&quot;:0}\uee10{&quot;1&quot;:66,&quot;2&quot;:{&quot;5&quot;:1}}\uee10{&quot;1&quot;:80}\uee10{&quot;1&quot;:122,&quot;2&quot;:{&quot;5&quot;:1}}\uee10{&quot;1&quot;:138}\uee10{&quot;1&quot;:337,&quot;2&quot;:{&quot;5&quot;:1}}\uee10{&quot;1&quot;:355}\uee10{&quot;1&quot;:526,&quot;2&quot;:{&quot;5&quot;:1}}\uee10{&quot;1&quot;:537}\uee10{&quot;1&quot;:737,&quot;2&quot;:{&quot;5&quot;:1}}\">D\u0131\u015f \u00f6l\u00e7\u00fc 60\u00d790 cm<\/span><\/li>\n<li><span data-sheets-value=\"{&quot;1&quot;:2,&quot;2&quot;:&quot;*Setin i\u00e7erisindeki t\u00fcm \u00fcr\u00fcnler 100%pamuklu kuma\u015ftan yap\u0131lm\u0131\u015ft\u0131r.n*Puset \u00f6rt\u00fcs\u00fc: 80x100cm dir. T\u00fcm pusetler ile uyumludurn*Emzirme \u00d6nl\u00fc\u011f\u00fc: 72x110 cm dir. Boyun ask\u0131s\u0131 c\u0131rtl\u0131d\u0131r. c\u0131rt uzunlu\u011fu 10 cm dir bu sayese ask\u0131 uzunlu\u011fu ayarlanabilir.G\u00f6\u011f\u00fcs hizas\u0131nda plastik aparat yard\u0131m\u0131 ile olu\u015fan pencereden anne ile bebek birbirini g\u00f6rebilir.n*Emzirme Minderi: D\u0131\u015f k\u0131l\u0131f fermuarl\u0131d\u0131r i\u00e7 minder \u00e7\u0131kar\u0131l\u0131p k\u0131l\u0131f makinede y\u0131kanabilir. \u0130\u00e7 dolgu malzemesi 100% silikon elyaft\u0131r. Ebatlar\u0131 55x75 cm dir minderin dolgunlu\u011fu olduk\u00e7a iyidir.n*Babynest: D\u0131\u015f \u00f6l\u00e7\u00fc 60x90 cm i\u00e7 yatak \u00f6l\u00e7\u00fcs\u00fc 36x66 cm dir. Fermuarl\u0131 yap\u0131s\u0131 ile i\u00e7 s\u00fcnger \u00e7\u0131kar\u0131labilir. \u00c7ift tarafl\u0131 kullan\u0131labilir. yan dolgu malzemesi 100%silikon elyaft\u0131r.Ta\u015f\u0131maya yard\u0131mc\u0131 saplar\u0131 mevcuttur.n&quot;}\" data-sheets-userformat=\"{&quot;2&quot;:9153,&quot;3&quot;:{&quot;1&quot;:0},&quot;9&quot;:1,&quot;10&quot;:1,&quot;11&quot;:4,&quot;12&quot;:0,&quot;16&quot;:12}\" data-sheets-textstyleruns=\"{&quot;1&quot;:0}\uee10{&quot;1&quot;:66,&quot;2&quot;:{&quot;5&quot;:1}}\uee10{&quot;1&quot;:80}\uee10{&quot;1&quot;:122,&quot;2&quot;:{&quot;5&quot;:1}}\uee10{&quot;1&quot;:138}\uee10{&quot;1&quot;:337,&quot;2&quot;:{&quot;5&quot;:1}}\uee10{&quot;1&quot;:355}\uee10{&quot;1&quot;:526,&quot;2&quot;:{&quot;5&quot;:1}}\uee10{&quot;1&quot;:537}\uee10{&quot;1&quot;:737,&quot;2&quot;:{&quot;5&quot;:1}}\">\u0130\u00e7 yatak \u00f6l\u00e7\u00fcs\u00fc 36\u00d766 cm<\/span><\/li>\n<li><span data-sheets-value=\"{&quot;1&quot;:2,&quot;2&quot;:&quot;*Setin i\u00e7erisindeki t\u00fcm \u00fcr\u00fcnler 100%pamuklu kuma\u015ftan yap\u0131lm\u0131\u015ft\u0131r.n*Puset \u00f6rt\u00fcs\u00fc: 80x100cm dir. T\u00fcm pusetler ile uyumludurn*Emzirme \u00d6nl\u00fc\u011f\u00fc: 72x110 cm dir. Boyun ask\u0131s\u0131 c\u0131rtl\u0131d\u0131r. c\u0131rt uzunlu\u011fu 10 cm dir bu sayese ask\u0131 uzunlu\u011fu ayarlanabilir.G\u00f6\u011f\u00fcs hizas\u0131nda plastik aparat yard\u0131m\u0131 ile olu\u015fan pencereden anne ile bebek birbirini g\u00f6rebilir.n*Emzirme Minderi: D\u0131\u015f k\u0131l\u0131f fermuarl\u0131d\u0131r i\u00e7 minder \u00e7\u0131kar\u0131l\u0131p k\u0131l\u0131f makinede y\u0131kanabilir. \u0130\u00e7 dolgu malzemesi 100% silikon elyaft\u0131r. Ebatlar\u0131 55x75 cm dir minderin dolgunlu\u011fu olduk\u00e7a iyidir.n*Babynest: D\u0131\u015f \u00f6l\u00e7\u00fc 60x90 cm i\u00e7 yatak \u00f6l\u00e7\u00fcs\u00fc 36x66 cm dir. Fermuarl\u0131 yap\u0131s\u0131 ile i\u00e7 s\u00fcnger \u00e7\u0131kar\u0131labilir. \u00c7ift tarafl\u0131 kullan\u0131labilir. yan dolgu malzemesi 100%silikon elyaft\u0131r.Ta\u015f\u0131maya yard\u0131mc\u0131 saplar\u0131 mevcuttur.n&quot;}\" data-sheets-userformat=\"{&quot;2&quot;:9153,&quot;3&quot;:{&quot;1&quot;:0},&quot;9&quot;:1,&quot;10&quot;:1,&quot;11&quot;:4,&quot;12&quot;:0,&quot;16&quot;:12}\" data-sheets-textstyleruns=\"{&quot;1&quot;:0}\uee10{&quot;1&quot;:66,&quot;2&quot;:{&quot;5&quot;:1}}\uee10{&quot;1&quot;:80}\uee10{&quot;1&quot;:122,&quot;2&quot;:{&quot;5&quot;:1}}\uee10{&quot;1&quot;:138}\uee10{&quot;1&quot;:337,&quot;2&quot;:{&quot;5&quot;:1}}\uee10{&quot;1&quot;:355}\uee10{&quot;1&quot;:526,&quot;2&quot;:{&quot;5&quot;:1}}\uee10{&quot;1&quot;:537}\uee10{&quot;1&quot;:737,&quot;2&quot;:{&quot;5&quot;:1}}\">Fermuarl\u0131 yap\u0131s\u0131 ile i\u00e7 s\u00fcnger \u00e7\u0131kar\u0131labilir.<\/span><\/li>\n<li><span data-sheets-value=\"{&quot;1&quot;:2,&quot;2&quot;:&quot;*Setin i\u00e7erisindeki t\u00fcm \u00fcr\u00fcnler 100%pamuklu kuma\u015ftan yap\u0131lm\u0131\u015ft\u0131r.n*Puset \u00f6rt\u00fcs\u00fc: 80x100cm dir. T\u00fcm pusetler ile uyumludurn*Emzirme \u00d6nl\u00fc\u011f\u00fc: 72x110 cm dir. Boyun ask\u0131s\u0131 c\u0131rtl\u0131d\u0131r. c\u0131rt uzunlu\u011fu 10 cm dir bu sayese ask\u0131 uzunlu\u011fu ayarlanabilir.G\u00f6\u011f\u00fcs hizas\u0131nda plastik aparat yard\u0131m\u0131 ile olu\u015fan pencereden anne ile bebek birbirini g\u00f6rebilir.n*Emzirme Minderi: D\u0131\u015f k\u0131l\u0131f fermuarl\u0131d\u0131r i\u00e7 minder \u00e7\u0131kar\u0131l\u0131p k\u0131l\u0131f makinede y\u0131kanabilir. \u0130\u00e7 dolgu malzemesi 100% silikon elyaft\u0131r. Ebatlar\u0131 55x75 cm dir minderin dolgunlu\u011fu olduk\u00e7a iyidir.n*Babynest: D\u0131\u015f \u00f6l\u00e7\u00fc 60x90 cm i\u00e7 yatak \u00f6l\u00e7\u00fcs\u00fc 36x66 cm dir. Fermuarl\u0131 yap\u0131s\u0131 ile i\u00e7 s\u00fcnger \u00e7\u0131kar\u0131labilir. \u00c7ift tarafl\u0131 kullan\u0131labilir. yan dolgu malzemesi 100%silikon elyaft\u0131r.Ta\u015f\u0131maya yard\u0131mc\u0131 saplar\u0131 mevcuttur.n&quot;}\" data-sheets-userformat=\"{&quot;2&quot;:9153,&quot;3&quot;:{&quot;1&quot;:0},&quot;9&quot;:1,&quot;10&quot;:1,&quot;11&quot;:4,&quot;12&quot;:0,&quot;16&quot;:12}\" data-sheets-textstyleruns=\"{&quot;1&quot;:0}\uee10{&quot;1&quot;:66,&quot;2&quot;:{&quot;5&quot;:1}}\uee10{&quot;1&quot;:80}\uee10{&quot;1&quot;:122,&quot;2&quot;:{&quot;5&quot;:1}}\uee10{&quot;1&quot;:138}\uee10{&quot;1&quot;:337,&quot;2&quot;:{&quot;5&quot;:1}}\uee10{&quot;1&quot;:355}\uee10{&quot;1&quot;:526,&quot;2&quot;:{&quot;5&quot;:1}}\uee10{&quot;1&quot;:537}\uee10{&quot;1&quot;:737,&quot;2&quot;:{&quot;5&quot;:1}}\">\u00c7ift tarafl\u0131 kullan\u0131labilir.<\/span><\/li>\n<li><span data-sheets-value=\"{&quot;1&quot;:2,&quot;2&quot;:&quot;*Setin i\u00e7erisindeki t\u00fcm \u00fcr\u00fcnler 100%pamuklu kuma\u015ftan yap\u0131lm\u0131\u015ft\u0131r.n*Puset \u00f6rt\u00fcs\u00fc: 80x100cm dir. T\u00fcm pusetler ile uyumludurn*Emzirme \u00d6nl\u00fc\u011f\u00fc: 72x110 cm dir. Boyun ask\u0131s\u0131 c\u0131rtl\u0131d\u0131r. c\u0131rt uzunlu\u011fu 10 cm dir bu sayese ask\u0131 uzunlu\u011fu ayarlanabilir.G\u00f6\u011f\u00fcs hizas\u0131nda plastik aparat yard\u0131m\u0131 ile olu\u015fan pencereden anne ile bebek birbirini g\u00f6rebilir.n*Emzirme Minderi: D\u0131\u015f k\u0131l\u0131f fermuarl\u0131d\u0131r i\u00e7 minder \u00e7\u0131kar\u0131l\u0131p k\u0131l\u0131f makinede y\u0131kanabilir. \u0130\u00e7 dolgu malzemesi 100% silikon elyaft\u0131r. Ebatlar\u0131 55x75 cm dir minderin dolgunlu\u011fu olduk\u00e7a iyidir.n*Babynest: D\u0131\u015f \u00f6l\u00e7\u00fc 60x90 cm i\u00e7 yatak \u00f6l\u00e7\u00fcs\u00fc 36x66 cm dir. Fermuarl\u0131 yap\u0131s\u0131 ile i\u00e7 s\u00fcnger \u00e7\u0131kar\u0131labilir. \u00c7ift tarafl\u0131 kullan\u0131labilir. yan dolgu malzemesi 100%silikon elyaft\u0131r.Ta\u015f\u0131maya yard\u0131mc\u0131 saplar\u0131 mevcuttur.n&quot;}\" data-sheets-userformat=\"{&quot;2&quot;:9153,&quot;3&quot;:{&quot;1&quot;:0},&quot;9&quot;:1,&quot;10&quot;:1,&quot;11&quot;:4,&quot;12&quot;:0,&quot;16&quot;:12}\" data-sheets-textstyleruns=\"{&quot;1&quot;:0}\uee10{&quot;1&quot;:66,&quot;2&quot;:{&quot;5&quot;:1}}\uee10{&quot;1&quot;:80}\uee10{&quot;1&quot;:122,&quot;2&quot;:{&quot;5&quot;:1}}\uee10{&quot;1&quot;:138}\uee10{&quot;1&quot;:337,&quot;2&quot;:{&quot;5&quot;:1}}\uee10{&quot;1&quot;:355}\uee10{&quot;1&quot;:526,&quot;2&quot;:{&quot;5&quot;:1}}\uee10{&quot;1&quot;:537}\uee10{&quot;1&quot;:737,&quot;2&quot;:{&quot;5&quot;:1}}\">Yan dolgu malzemesi 100% silikon elyaft\u0131r.<\/span><\/li>\n<li><span data-sheets-value=\"{&quot;1&quot;:2,&quot;2&quot;:&quot;*Setin i\u00e7erisindeki t\u00fcm \u00fcr\u00fcnler 100%pamuklu kuma\u015ftan yap\u0131lm\u0131\u015ft\u0131r.n*Puset \u00f6rt\u00fcs\u00fc: 80x100cm dir. T\u00fcm pusetler ile uyumludurn*Emzirme \u00d6nl\u00fc\u011f\u00fc: 72x110 cm dir. Boyun ask\u0131s\u0131 c\u0131rtl\u0131d\u0131r. c\u0131rt uzunlu\u011fu 10 cm dir bu sayese ask\u0131 uzunlu\u011fu ayarlanabilir.G\u00f6\u011f\u00fcs hizas\u0131nda plastik aparat yard\u0131m\u0131 ile olu\u015fan pencereden anne ile bebek birbirini g\u00f6rebilir.n*Emzirme Minderi: D\u0131\u015f k\u0131l\u0131f fermuarl\u0131d\u0131r i\u00e7 minder \u00e7\u0131kar\u0131l\u0131p k\u0131l\u0131f makinede y\u0131kanabilir. \u0130\u00e7 dolgu malzemesi 100% silikon elyaft\u0131r. Ebatlar\u0131 55x75 cm dir minderin dolgunlu\u011fu olduk\u00e7a iyidir.n*Babynest: D\u0131\u015f \u00f6l\u00e7\u00fc 60x90 cm i\u00e7 yatak \u00f6l\u00e7\u00fcs\u00fc 36x66 cm dir. Fermuarl\u0131 yap\u0131s\u0131 ile i\u00e7 s\u00fcnger \u00e7\u0131kar\u0131labilir. \u00c7ift tarafl\u0131 kullan\u0131labilir. yan dolgu malzemesi 100%silikon elyaft\u0131r.Ta\u015f\u0131maya yard\u0131mc\u0131 saplar\u0131 mevcuttur.n&quot;}\" data-sheets-userformat=\"{&quot;2&quot;:9153,&quot;3&quot;:{&quot;1&quot;:0},&quot;9&quot;:1,&quot;10&quot;:1,&quot;11&quot;:4,&quot;12&quot;:0,&quot;16&quot;:12}\" data-sheets-textstyleruns=\"{&quot;1&quot;:0}\uee10{&quot;1&quot;:66,&quot;2&quot;:{&quot;5&quot;:1}}\uee10{&quot;1&quot;:80}\uee10{&quot;1&quot;:122,&quot;2&quot;:{&quot;5&quot;:1}}\uee10{&quot;1&quot;:138}\uee10{&quot;1&quot;:337,&quot;2&quot;:{&quot;5&quot;:1}}\uee10{&quot;1&quot;:355}\uee10{&quot;1&quot;:526,&quot;2&quot;:{&quot;5&quot;:1}}\uee10{&quot;1&quot;:537}\uee10{&quot;1&quot;:737,&quot;2&quot;:{&quot;5&quot;:1}}\">Ta\u015f\u0131maya yard\u0131mc\u0131 saplar\u0131 mevcuttur.<\/span><\/li>\n<\/ul>\n","protected":false},"featured_media":716,"template":"","meta":[],"product_brand":[],"product_cat":[107,41,141],"product_tag":[],"class_list":{"0":"post-660","1":"product","2":"type-product","3":"status-publish","4":"has-post-thumbnail","6":"product_cat-aksesuar-grubu","7":"product_cat-babynest","8":"product_cat-babynest-babynest","10":"first","11":"instock","12":"shipping-taxable","13":"product-type-simple"},"_links":{"self":[{"href":"https:\/\/yuarbaby.com\/ar\/wp-json\/wp\/v2\/product\/660","targetHints":{"allow":["GET"]}}],"collection":[{"href":"https:\/\/yuarbaby.com\/ar\/wp-json\/wp\/v2\/product"}],"about":[{"href":"https:\/\/yuarbaby.com\/ar\/wp-json\/wp\/v2\/types\/product"}],"wp:featuredmedia":[{"embeddable":true,"href":"https:\/\/yuarbaby.com\/ar\/wp-json\/wp\/v2\/media\/716"}],"wp:attachment":[{"href":"https:\/\/yuarbaby.com\/ar\/wp-json\/wp\/v2\/media?parent=660"}],"wp:term":[{"taxonomy":"product_brand","embeddable":true,"href":"https:\/\/yuarbaby.com\/ar\/wp-json\/wp\/v2\/product_brand?post=660"},{"taxonomy":"product_cat","embeddable":true,"href":"https:\/\/yuarbaby.com\/ar\/wp-json\/wp\/v2\/product_cat?post=660"},{"taxonomy":"product_tag","embeddable":true,"href":"https:\/\/yuarbaby.com\/ar\/wp-json\/wp\/v2\/product_tag?post=660"}],"curies":[{"name":"wp","href":"https:\/\/api.w.org\/{rel}","templated":true}]}}