{"id":595,"date":"2022-03-11T05:31:00","date_gmt":"2022-03-11T02:31:00","guid":{"rendered":"https:\/\/yuarbaby.com\/ar\/?post_type=product&#038;p=595"},"modified":"2024-01-02T10:05:11","modified_gmt":"2024-01-02T07:05:11","slug":"magic-space-model-genc-uyku-seti-model","status":"publish","type":"product","link":"https:\/\/yuarbaby.com\/ar\/urun\/magic-space-model-genc-uyku-seti-model\/","title":{"rendered":"\u0645\u0627\u062c\u064a\u0643 \u0633\u0628\u0627\u064a\u0633"},"content":{"rendered":"<table class=\"custom-table\">\n<tbody>\n<tr>\n<th>\u0130\u00e7erik<\/th>\n<th>Adet<\/th>\n<th>Ebat<\/th>\n<\/tr>\n<tr>\n<td>Yorgan<\/td>\n<td>1<\/td>\n<td>115&#215;195 cm<\/td>\n<\/tr>\n<tr>\n<td>Yorgan K\u0131l\u0131f\u0131<\/td>\n<td>1<\/td>\n<td>115&#215;195 cm<\/td>\n<\/tr>\n<tr>\n<td>Ba\u015f Yast\u0131k<\/td>\n<td>1<\/td>\n<td>50&#215;70 cm<\/td>\n<\/tr>\n<tr>\n<td>Ba\u015f Yast\u0131k K\u0131l\u0131f\u0131<\/td>\n<td>1<\/td>\n<td>50&#215;70 cm<\/td>\n<\/tr>\n<tr>\n<td>S\u00fcs Yast\u0131k<\/td>\n<td>1<\/td>\n<td><\/td>\n<\/tr>\n<\/tbody>\n<\/table>\n","protected":false},"excerpt":{"rendered":"<ul>\n<li>YUAR Baby Gen\u00e7 Uyku Seti, v\u00fccut dostudur, nefes al\u0131r ve hipoalerjeniktir,<\/li>\n<li>B\u00f6ylece, sa\u011fl\u0131kl\u0131 ve rahat bir uyku ortam\u0131 yarat\u0131r.<\/li>\n<li>\u00dcr\u00fcn, optimum nefes alabilirli\u011fi garanti eder ve m\u00fckemmel uyku konforu sa\u011flar.<\/li>\n<li>Ayrc\u0131a, her mevsim kullan\u0131labilir.<\/li>\n<\/ul>\n","protected":false},"featured_media":639,"template":"","meta":[],"product_brand":[],"product_cat":[21,35],"product_tag":[],"class_list":{"0":"post-595","1":"product","2":"type-product","3":"status-publish","4":"has-post-thumbnail","6":"product_cat-uyku-setleri-grubu","7":"product_cat-genc-odasi-uyku-setleri","9":"first","10":"instock","11":"shipping-taxable","12":"product-type-simple"},"_links":{"self":[{"href":"https:\/\/yuarbaby.com\/ar\/wp-json\/wp\/v2\/product\/595","targetHints":{"allow":["GET"]}}],"collection":[{"href":"https:\/\/yuarbaby.com\/ar\/wp-json\/wp\/v2\/product"}],"about":[{"href":"https:\/\/yuarbaby.com\/ar\/wp-json\/wp\/v2\/types\/product"}],"wp:featuredmedia":[{"embeddable":true,"href":"https:\/\/yuarbaby.com\/ar\/wp-json\/wp\/v2\/media\/639"}],"wp:attachment":[{"href":"https:\/\/yuarbaby.com\/ar\/wp-json\/wp\/v2\/media?parent=595"}],"wp:term":[{"taxonomy":"product_brand","embeddable":true,"href":"https:\/\/yuarbaby.com\/ar\/wp-json\/wp\/v2\/product_brand?post=595"},{"taxonomy":"product_cat","embeddable":true,"href":"https:\/\/yuarbaby.com\/ar\/wp-json\/wp\/v2\/product_cat?post=595"},{"taxonomy":"product_tag","embeddable":true,"href":"https:\/\/yuarbaby.com\/ar\/wp-json\/wp\/v2\/product_tag?post=595"}],"curies":[{"name":"wp","href":"https:\/\/api.w.org\/{rel}","templated":true}]}}