{"id":502,"date":"2022-03-11T05:29:15","date_gmt":"2022-03-11T02:29:15","guid":{"rendered":"https:\/\/yuarbaby.com\/ar\/?post_type=product&#038;p=502"},"modified":"2024-01-02T10:06:30","modified_gmt":"2024-01-02T07:06:30","slug":"yildiz-desenli-yesil-oyun-parki-uyku-seti","status":"publish","type":"product","link":"https:\/\/yuarbaby.com\/ar\/urun\/yildiz-desenli-yesil-oyun-parki-uyku-seti\/","title":{"rendered":"\u0627\u062e\u0636\u0631\u060c \u0646\u062c\u0645\u0627\u062a"},"content":{"rendered":"<table class=\"custom-table\">\n<tbody>\n<tr>\n<th>\u0130\u00e7erik<\/th>\n<th>Adet<\/th>\n<th>Ebat<\/th>\n<\/tr>\n<tr>\n<td>Yorgan<\/td>\n<td>1<\/td>\n<td>80&#215;130 cm<\/td>\n<\/tr>\n<tr>\n<td>Ba\u015f Yast\u0131k<\/td>\n<td>1<\/td>\n<td>35&#215;45 cm<\/td>\n<\/tr>\n<tr>\n<td>Ba\u015f Yast\u0131k K\u0131l\u0131f\u0131<\/td>\n<td>1<\/td>\n<td>35&#215;45 cm<\/td>\n<\/tr>\n<tr>\n<td>\u00c7ar\u015faf<\/td>\n<td>1<\/td>\n<td>100&#215;140 cm<\/td>\n<\/tr>\n<tr>\n<td>Kenar Koruma<\/td>\n<td>2<\/td>\n<td><\/td>\n<\/tr>\n<tr>\n<td>Ba\u015f Koruma<\/td>\n<td>1<\/td>\n<td><\/td>\n<\/tr>\n<tr>\n<td>S\u00fcs yast\u0131\u011f\u0131<\/td>\n<td>1<\/td>\n<td><\/td>\n<\/tr>\n<\/tbody>\n<\/table>\n<p>&nbsp;<\/p>\n","protected":false},"excerpt":{"rendered":"<p>Oyun park\u0131 Setimiz 100% pamuklu kuma\u015ftan \u00fcretilmi\u015f olup, bebe\u011finizin rahat uyumas\u0131n\u0131 sa\u011flar.<\/p>\n<p>Yast\u0131\u011f\u0131 k\u0131l\u0131fl\u0131 olup \u00e7\u0131kar\u0131p y\u0131kanabilir.<\/p>\n","protected":false},"featured_media":532,"template":"","meta":[],"product_brand":[],"product_cat":[21,50,105],"product_tag":[],"class_list":{"0":"post-502","1":"product","2":"type-product","3":"status-publish","4":"has-post-thumbnail","6":"product_cat-uyku-setleri-grubu","7":"product_cat-oyun-parki-uyku-seti","8":"product_cat-yan-duvarli-uyku-seti","10":"first","11":"instock","12":"shipping-taxable","13":"product-type-variable"},"_links":{"self":[{"href":"https:\/\/yuarbaby.com\/ar\/wp-json\/wp\/v2\/product\/502","targetHints":{"allow":["GET"]}}],"collection":[{"href":"https:\/\/yuarbaby.com\/ar\/wp-json\/wp\/v2\/product"}],"about":[{"href":"https:\/\/yuarbaby.com\/ar\/wp-json\/wp\/v2\/types\/product"}],"wp:featuredmedia":[{"embeddable":true,"href":"https:\/\/yuarbaby.com\/ar\/wp-json\/wp\/v2\/media\/532"}],"wp:attachment":[{"href":"https:\/\/yuarbaby.com\/ar\/wp-json\/wp\/v2\/media?parent=502"}],"wp:term":[{"taxonomy":"product_brand","embeddable":true,"href":"https:\/\/yuarbaby.com\/ar\/wp-json\/wp\/v2\/product_brand?post=502"},{"taxonomy":"product_cat","embeddable":true,"href":"https:\/\/yuarbaby.com\/ar\/wp-json\/wp\/v2\/product_cat?post=502"},{"taxonomy":"product_tag","embeddable":true,"href":"https:\/\/yuarbaby.com\/ar\/wp-json\/wp\/v2\/product_tag?post=502"}],"curies":[{"name":"wp","href":"https:\/\/api.w.org\/{rel}","templated":true}]}}