{"id":2162,"date":"2023-12-09T12:09:17","date_gmt":"2023-12-09T09:09:17","guid":{"rendered":"https:\/\/yuarbaby.com\/ar\/?post_type=product&#038;p=2162"},"modified":"2024-01-02T10:11:46","modified_gmt":"2024-01-02T07:11:46","slug":"safari-desenli-sari-bebek-nevresim-takimi-eko-vresiyonu","status":"publish","type":"product","link":"https:\/\/yuarbaby.com\/ar\/urun\/safari-desenli-sari-bebek-nevresim-takimi-eko-vresiyonu\/","title":{"rendered":"\u0627\u064a\u0643\u0648 &#8211; \u063a\u0637\u0627\u0621 \u0627\u0644\u0641\u0631\u0634\u0629 \u0648\u0627\u0644\u0645\u062e\u062f\u0629 \u0648\u0627\u0644\u0644\u062d\u0627\u0641"},"content":{"rendered":"<table class=\"custom-table\">\n<tbody>\n<tr>\n<th>\u0130\u00e7erik<\/th>\n<th>Adet<\/th>\n<th>Ebat<\/th>\n<\/tr>\n<tr>\n<td>Yorgan K\u0131l\u0131f\u0131<\/td>\n<td>1<\/td>\n<td>95&#215;135 cm<\/td>\n<\/tr>\n<tr>\n<td>Ba\u015f Yast\u0131k K\u0131l\u0131f\u0131<\/td>\n<td>2<\/td>\n<td>35&#215;45 cm<\/td>\n<\/tr>\n<tr>\n<td>\u00c7ar\u015faf<\/td>\n<td>1<\/td>\n<td>115&#215;145 cm<\/td>\n<\/tr>\n<\/tbody>\n<\/table>\n","protected":false},"excerpt":{"rendered":"<p>\u0130\u00e7erik Adet Ebat Yorgan K\u0131l\u0131f\u0131 1 95&#215;135 cm Ba\u015f Yast\u0131k K\u0131l\u0131f\u0131 2 35&#215;45 cm \u00c7ar\u015faf 1 115&#215;145 cm<\/p>\n","protected":false},"featured_media":2166,"template":"","meta":[],"product_brand":[],"product_cat":[21,65],"product_tag":[],"class_list":{"0":"post-2162","1":"product","2":"type-product","3":"status-publish","4":"has-post-thumbnail","6":"product_cat-uyku-setleri-grubu","7":"product_cat-nevresim-setleri","9":"first","10":"instock","11":"shipping-taxable","12":"product-type-variable"},"_links":{"self":[{"href":"https:\/\/yuarbaby.com\/ar\/wp-json\/wp\/v2\/product\/2162","targetHints":{"allow":["GET"]}}],"collection":[{"href":"https:\/\/yuarbaby.com\/ar\/wp-json\/wp\/v2\/product"}],"about":[{"href":"https:\/\/yuarbaby.com\/ar\/wp-json\/wp\/v2\/types\/product"}],"wp:featuredmedia":[{"embeddable":true,"href":"https:\/\/yuarbaby.com\/ar\/wp-json\/wp\/v2\/media\/2166"}],"wp:attachment":[{"href":"https:\/\/yuarbaby.com\/ar\/wp-json\/wp\/v2\/media?parent=2162"}],"wp:term":[{"taxonomy":"product_brand","embeddable":true,"href":"https:\/\/yuarbaby.com\/ar\/wp-json\/wp\/v2\/product_brand?post=2162"},{"taxonomy":"product_cat","embeddable":true,"href":"https:\/\/yuarbaby.com\/ar\/wp-json\/wp\/v2\/product_cat?post=2162"},{"taxonomy":"product_tag","embeddable":true,"href":"https:\/\/yuarbaby.com\/ar\/wp-json\/wp\/v2\/product_tag?post=2162"}],"curies":[{"name":"wp","href":"https:\/\/api.w.org\/{rel}","templated":true}]}}