{"id":2157,"date":"2023-12-09T11:53:17","date_gmt":"2023-12-09T08:53:17","guid":{"rendered":"https:\/\/yuarbaby.com\/ar\/?post_type=product&#038;p=2157"},"modified":"2024-01-02T09:05:29","modified_gmt":"2024-01-02T06:05:29","slug":"kutup-ayicik-desenli-pembe-emzirme-minderi","status":"publish","type":"product","link":"https:\/\/yuarbaby.com\/ar\/urun\/kutup-ayicik-desenli-pembe-emzirme-minderi\/","title":{"rendered":"\u0627\u0644\u062f\u0628 \u0627\u0644\u0642\u0637\u0628\u064a"},"content":{"rendered":"","protected":false},"excerpt":{"rendered":"<p><span data-sheets-value=\"{&quot;1&quot;:2,&quot;2&quot;:&quot;D\u0131\u015f k\u0131l\u0131f fermuarl\u0131d\u0131r.ni\u00e7 minder \u00e7\u0131kar\u0131l\u0131p k\u0131l\u0131f makinede y\u0131kanabilir.n\u0130\u00e7 dolgu malzemesi 100% silikon elyaft\u0131r.nEbatlar\u0131 55x75 cm dir minderin dolgunlu\u011fu olduk\u00e7a iyidir.&quot;}\" data-sheets-userformat=\"{&quot;2&quot;:15299,&quot;3&quot;:{&quot;1&quot;:0},&quot;4&quot;:{&quot;1&quot;:2,&quot;2&quot;:16777215},&quot;9&quot;:1,&quot;10&quot;:1,&quot;11&quot;:4,&quot;12&quot;:0,&quot;14&quot;:{&quot;1&quot;:2,&quot;2&quot;:0},&quot;15&quot;:&quot;Arial&quot;,&quot;16&quot;:12}\">YUAR BABY Emzirme minderi ile konfor ve i\u015flevsellikte son noktay\u0131 benimsenmi\u015ftir. <\/span><\/p>\n<p><span data-sheets-value=\"{&quot;1&quot;:2,&quot;2&quot;:&quot;D\u0131\u015f k\u0131l\u0131f fermuarl\u0131d\u0131r.ni\u00e7 minder \u00e7\u0131kar\u0131l\u0131p k\u0131l\u0131f makinede y\u0131kanabilir.n\u0130\u00e7 dolgu malzemesi 100% silikon elyaft\u0131r.nEbatlar\u0131 55x75 cm dir minderin dolgunlu\u011fu olduk\u00e7a iyidir.&quot;}\" data-sheets-userformat=\"{&quot;2&quot;:15299,&quot;3&quot;:{&quot;1&quot;:0},&quot;4&quot;:{&quot;1&quot;:2,&quot;2&quot;:16777215},&quot;9&quot;:1,&quot;10&quot;:1,&quot;11&quot;:4,&quot;12&quot;:0,&quot;14&quot;:{&quot;1&quot;:2,&quot;2&quot;:0},&quot;15&quot;:&quot;Arial&quot;,&quot;16&quot;:12}\">Minder emzirme deneyiminizi geli\u015ftirmek i\u00e7in tasarlanm\u0131\u015ft\u0131r.<\/span><\/p>\n<ul>\n<li><span data-sheets-value=\"{&quot;1&quot;:2,&quot;2&quot;:&quot;D\u0131\u015f k\u0131l\u0131f fermuarl\u0131d\u0131r.ni\u00e7 minder \u00e7\u0131kar\u0131l\u0131p k\u0131l\u0131f makinede y\u0131kanabilir.n\u0130\u00e7 dolgu malzemesi 100% silikon elyaft\u0131r.nEbatlar\u0131 55x75 cm dir minderin dolgunlu\u011fu olduk\u00e7a iyidir.&quot;}\" data-sheets-userformat=\"{&quot;2&quot;:15299,&quot;3&quot;:{&quot;1&quot;:0},&quot;4&quot;:{&quot;1&quot;:2,&quot;2&quot;:16777215},&quot;9&quot;:1,&quot;10&quot;:1,&quot;11&quot;:4,&quot;12&quot;:0,&quot;14&quot;:{&quot;1&quot;:2,&quot;2&quot;:0},&quot;15&quot;:&quot;Arial&quot;,&quot;16&quot;:12}\">D\u0131\u015f k\u0131l\u0131f fermuarl\u0131d\u0131r.<\/span><\/li>\n<li><span data-sheets-value=\"{&quot;1&quot;:2,&quot;2&quot;:&quot;D\u0131\u015f k\u0131l\u0131f fermuarl\u0131d\u0131r.ni\u00e7 minder \u00e7\u0131kar\u0131l\u0131p k\u0131l\u0131f makinede y\u0131kanabilir.n\u0130\u00e7 dolgu malzemesi 100% silikon elyaft\u0131r.nEbatlar\u0131 55x75 cm dir minderin dolgunlu\u011fu olduk\u00e7a iyidir.&quot;}\" data-sheets-userformat=\"{&quot;2&quot;:15299,&quot;3&quot;:{&quot;1&quot;:0},&quot;4&quot;:{&quot;1&quot;:2,&quot;2&quot;:16777215},&quot;9&quot;:1,&quot;10&quot;:1,&quot;11&quot;:4,&quot;12&quot;:0,&quot;14&quot;:{&quot;1&quot;:2,&quot;2&quot;:0},&quot;15&quot;:&quot;Arial&quot;,&quot;16&quot;:12}\">\u0130\u00e7 minder \u00e7\u0131kar\u0131l\u0131p k\u0131l\u0131f makinede y\u0131kanabilir.<\/span><\/li>\n<li><span data-sheets-value=\"{&quot;1&quot;:2,&quot;2&quot;:&quot;D\u0131\u015f k\u0131l\u0131f fermuarl\u0131d\u0131r.ni\u00e7 minder \u00e7\u0131kar\u0131l\u0131p k\u0131l\u0131f makinede y\u0131kanabilir.n\u0130\u00e7 dolgu malzemesi 100% silikon elyaft\u0131r.nEbatlar\u0131 55x75 cm dir minderin dolgunlu\u011fu olduk\u00e7a iyidir.&quot;}\" data-sheets-userformat=\"{&quot;2&quot;:15299,&quot;3&quot;:{&quot;1&quot;:0},&quot;4&quot;:{&quot;1&quot;:2,&quot;2&quot;:16777215},&quot;9&quot;:1,&quot;10&quot;:1,&quot;11&quot;:4,&quot;12&quot;:0,&quot;14&quot;:{&quot;1&quot;:2,&quot;2&quot;:0},&quot;15&quot;:&quot;Arial&quot;,&quot;16&quot;:12}\">\u0130\u00e7 dolgu malzemesi 100% silikon elyaft\u0131r.<\/span><\/li>\n<li><span data-sheets-value=\"{&quot;1&quot;:2,&quot;2&quot;:&quot;D\u0131\u015f k\u0131l\u0131f fermuarl\u0131d\u0131r.ni\u00e7 minder \u00e7\u0131kar\u0131l\u0131p k\u0131l\u0131f makinede y\u0131kanabilir.n\u0130\u00e7 dolgu malzemesi 100% silikon elyaft\u0131r.nEbatlar\u0131 55x75 cm dir minderin dolgunlu\u011fu olduk\u00e7a iyidir.&quot;}\" data-sheets-userformat=\"{&quot;2&quot;:15299,&quot;3&quot;:{&quot;1&quot;:0},&quot;4&quot;:{&quot;1&quot;:2,&quot;2&quot;:16777215},&quot;9&quot;:1,&quot;10&quot;:1,&quot;11&quot;:4,&quot;12&quot;:0,&quot;14&quot;:{&quot;1&quot;:2,&quot;2&quot;:0},&quot;15&quot;:&quot;Arial&quot;,&quot;16&quot;:12}\">Ebatlar\u0131 55&#215;75 cm dir minderin dolgunlu\u011fu olduk\u00e7a iyidir.<\/span><\/li>\n<\/ul>\n","protected":false},"featured_media":1418,"template":"","meta":[],"product_brand":[],"product_cat":[107,108,56],"product_tag":[],"class_list":{"0":"post-2157","1":"product","2":"type-product","3":"status-publish","4":"has-post-thumbnail","6":"product_cat-aksesuar-grubu","7":"product_cat-emzirme-grubu","8":"product_cat-emzirme-ve-destek-minderi","10":"first","11":"instock","12":"shipping-taxable","13":"product-type-simple"},"_links":{"self":[{"href":"https:\/\/yuarbaby.com\/ar\/wp-json\/wp\/v2\/product\/2157","targetHints":{"allow":["GET"]}}],"collection":[{"href":"https:\/\/yuarbaby.com\/ar\/wp-json\/wp\/v2\/product"}],"about":[{"href":"https:\/\/yuarbaby.com\/ar\/wp-json\/wp\/v2\/types\/product"}],"wp:featuredmedia":[{"embeddable":true,"href":"https:\/\/yuarbaby.com\/ar\/wp-json\/wp\/v2\/media\/1418"}],"wp:attachment":[{"href":"https:\/\/yuarbaby.com\/ar\/wp-json\/wp\/v2\/media?parent=2157"}],"wp:term":[{"taxonomy":"product_brand","embeddable":true,"href":"https:\/\/yuarbaby.com\/ar\/wp-json\/wp\/v2\/product_brand?post=2157"},{"taxonomy":"product_cat","embeddable":true,"href":"https:\/\/yuarbaby.com\/ar\/wp-json\/wp\/v2\/product_cat?post=2157"},{"taxonomy":"product_tag","embeddable":true,"href":"https:\/\/yuarbaby.com\/ar\/wp-json\/wp\/v2\/product_tag?post=2157"}],"curies":[{"name":"wp","href":"https:\/\/api.w.org\/{rel}","templated":true}]}}