{"id":2100,"date":"2023-12-08T12:40:27","date_gmt":"2023-12-08T09:40:27","guid":{"rendered":"https:\/\/yuarbaby.com\/ar\/?post_type=product&#038;p=2100"},"modified":"2024-01-02T09:06:36","modified_gmt":"2024-01-02T06:06:36","slug":"pembe-6li-orgu-yan-koruma","status":"publish","type":"product","link":"https:\/\/yuarbaby.com\/ar\/urun\/pembe-6li-orgu-yan-koruma\/","title":{"rendered":"\u0645\u062c\u062f\u0644\u0629 \u0633\u062f\u0627\u0627\u0633\u064a\u0629 \u0632\u0647\u0631\u064a\u0629"},"content":{"rendered":"<table>\n<tbody>\n<tr>\n<td><span style=\"font-weight: 400;\">\u00dcr\u00fcn<\/span><\/td>\n<td><span style=\"font-weight: 400;\">\u00d6rg\u00fc Yan Koruma<\/span><\/td>\n<\/tr>\n<tr>\n<td><span style=\"font-weight: 400;\">Kuma\u015f\u00a0 \u00a0 \u00a0 \u00a0 \u00a0\u00a0<\/span><\/td>\n<td><span style=\"font-weight: 400;\">100% Pamuk<\/span><\/td>\n<\/tr>\n<tr>\n<td><span style=\"font-weight: 400;\">\u0130\u00e7 Dolgusu<\/span><\/td>\n<td><span style=\"font-weight: 400;\">Elyaf<\/span><\/td>\n<\/tr>\n<tr>\n<td><span style=\"font-weight: 400;\">Uzunluk<\/span><\/td>\n<td><span style=\"font-weight: 400;\">350 cm<\/span><\/td>\n<\/tr>\n<\/tbody>\n<\/table>\n","protected":false},"excerpt":{"rendered":"<p>\u00dcr\u00fcn \u00d6rg\u00fc Yan Koruma Kuma\u015f\u00a0 \u00a0 \u00a0 \u00a0 \u00a0\u00a0 100% Pamuk \u0130\u00e7 Dolgusu Elyaf Uzunluk 350 cm<\/p>\n","protected":false},"featured_media":2106,"template":"","meta":[],"product_brand":[],"product_cat":[107,58,155],"product_tag":[],"class_list":{"0":"post-2100","1":"product","2":"type-product","3":"status-publish","4":"has-post-thumbnail","6":"product_cat-aksesuar-grubu","7":"product_cat-orgu-yan-koruma","8":"product_cat-6lu-orgu-yan-koruma","10":"first","11":"instock","12":"shipping-taxable","13":"product-type-variable"},"_links":{"self":[{"href":"https:\/\/yuarbaby.com\/ar\/wp-json\/wp\/v2\/product\/2100","targetHints":{"allow":["GET"]}}],"collection":[{"href":"https:\/\/yuarbaby.com\/ar\/wp-json\/wp\/v2\/product"}],"about":[{"href":"https:\/\/yuarbaby.com\/ar\/wp-json\/wp\/v2\/types\/product"}],"wp:featuredmedia":[{"embeddable":true,"href":"https:\/\/yuarbaby.com\/ar\/wp-json\/wp\/v2\/media\/2106"}],"wp:attachment":[{"href":"https:\/\/yuarbaby.com\/ar\/wp-json\/wp\/v2\/media?parent=2100"}],"wp:term":[{"taxonomy":"product_brand","embeddable":true,"href":"https:\/\/yuarbaby.com\/ar\/wp-json\/wp\/v2\/product_brand?post=2100"},{"taxonomy":"product_cat","embeddable":true,"href":"https:\/\/yuarbaby.com\/ar\/wp-json\/wp\/v2\/product_cat?post=2100"},{"taxonomy":"product_tag","embeddable":true,"href":"https:\/\/yuarbaby.com\/ar\/wp-json\/wp\/v2\/product_tag?post=2100"}],"curies":[{"name":"wp","href":"https:\/\/api.w.org\/{rel}","templated":true}]}}