{"id":2083,"date":"2023-12-08T12:32:59","date_gmt":"2023-12-08T09:32:59","guid":{"rendered":"https:\/\/yuarbaby.com\/ar\/?post_type=product&#038;p=2083"},"modified":"2024-01-02T09:10:06","modified_gmt":"2024-01-02T06:10:06","slug":"gri-beyaz-3lu-orgu-yan-koruma","status":"publish","type":"product","link":"https:\/\/yuarbaby.com\/ar\/urun\/gri-beyaz-3lu-orgu-yan-koruma\/","title":{"rendered":"\u0645\u062c\u062f\u0644\u0629 \u062b\u0644\u0627\u062b\u064a\u0629 \u0627\u0628\u064a\u0636 \u0631\u0645\u0627\u062f\u064a"},"content":{"rendered":"<table>\n<tbody>\n<tr>\n<td><span style=\"font-weight: 400;\">\u00dcr\u00fcn<\/span><\/td>\n<td><span style=\"font-weight: 400;\">\u00d6rg\u00fc Yan Koruma<\/span><\/td>\n<\/tr>\n<tr>\n<td><span style=\"font-weight: 400;\">Kuma\u015f<\/span><\/td>\n<td><span style=\"font-weight: 400;\">100% Pamuk<\/span><\/td>\n<\/tr>\n<tr>\n<td><span style=\"font-weight: 400;\">\u0130\u00e7 Dolgusu<\/span><\/td>\n<td><span style=\"font-weight: 400;\">Elyaf<\/span><\/td>\n<\/tr>\n<tr>\n<td><span style=\"font-weight: 400;\">Uzunluk<\/span><\/td>\n<td><span style=\"font-weight: 400;\">350 cm<\/span><\/td>\n<\/tr>\n<\/tbody>\n<\/table>\n","protected":false},"excerpt":{"rendered":"<p>\u00dcr\u00fcn \u00d6rg\u00fc Yan Koruma Kuma\u015f 100% Pamuk \u0130\u00e7 Dolgusu Elyaf Uzunluk 350 cm<\/p>\n","protected":false},"featured_media":2091,"template":"","meta":[],"product_brand":[],"product_cat":[107,58,154],"product_tag":[],"class_list":{"0":"post-2083","1":"product","2":"type-product","3":"status-publish","4":"has-post-thumbnail","6":"product_cat-aksesuar-grubu","7":"product_cat-orgu-yan-koruma","8":"product_cat-3lu-orgu-yan-koruma","10":"first","11":"instock","12":"shipping-taxable","13":"product-type-variable"},"_links":{"self":[{"href":"https:\/\/yuarbaby.com\/ar\/wp-json\/wp\/v2\/product\/2083","targetHints":{"allow":["GET"]}}],"collection":[{"href":"https:\/\/yuarbaby.com\/ar\/wp-json\/wp\/v2\/product"}],"about":[{"href":"https:\/\/yuarbaby.com\/ar\/wp-json\/wp\/v2\/types\/product"}],"wp:featuredmedia":[{"embeddable":true,"href":"https:\/\/yuarbaby.com\/ar\/wp-json\/wp\/v2\/media\/2091"}],"wp:attachment":[{"href":"https:\/\/yuarbaby.com\/ar\/wp-json\/wp\/v2\/media?parent=2083"}],"wp:term":[{"taxonomy":"product_brand","embeddable":true,"href":"https:\/\/yuarbaby.com\/ar\/wp-json\/wp\/v2\/product_brand?post=2083"},{"taxonomy":"product_cat","embeddable":true,"href":"https:\/\/yuarbaby.com\/ar\/wp-json\/wp\/v2\/product_cat?post=2083"},{"taxonomy":"product_tag","embeddable":true,"href":"https:\/\/yuarbaby.com\/ar\/wp-json\/wp\/v2\/product_tag?post=2083"}],"curies":[{"name":"wp","href":"https:\/\/api.w.org\/{rel}","templated":true}]}}