{"id":2043,"date":"2023-12-08T11:48:23","date_gmt":"2023-12-08T08:48:23","guid":{"rendered":"https:\/\/yuarbaby.com\/ar\/?post_type=product&#038;p=2043"},"modified":"2024-01-02T09:10:34","modified_gmt":"2024-01-02T06:10:34","slug":"pike-battaniye","status":"publish","type":"product","link":"https:\/\/yuarbaby.com\/ar\/urun\/pike-battaniye\/","title":{"rendered":"\u0628\u0637\u0627\u0646\u064a\u0629 \u0628\u064a\u0643\u064a\u0647"},"content":{"rendered":"","protected":false},"excerpt":{"rendered":"<p>Pike battaniyesi\u00a0 100% pamuklu kuma\u015ftan \u00fcretilmi\u015f olup, bebe\u011finizin kolayca nefes almas\u0131n\u0131 sa\u011flar.<\/p>\n<p>Battaniyenin nefes alabilen \u00f6zelli\u011fine sahiptir.<\/p>\n","protected":false},"featured_media":2069,"template":"","meta":[],"product_brand":[],"product_cat":[107,15,111],"product_tag":[],"class_list":{"0":"post-2043","1":"product","2":"type-product","3":"status-publish","4":"has-post-thumbnail","6":"product_cat-aksesuar-grubu","7":"product_cat-battaniyeler","8":"product_cat-pike-battaniye","10":"first","11":"instock","12":"shipping-taxable","13":"product-type-variable"},"_links":{"self":[{"href":"https:\/\/yuarbaby.com\/ar\/wp-json\/wp\/v2\/product\/2043","targetHints":{"allow":["GET"]}}],"collection":[{"href":"https:\/\/yuarbaby.com\/ar\/wp-json\/wp\/v2\/product"}],"about":[{"href":"https:\/\/yuarbaby.com\/ar\/wp-json\/wp\/v2\/types\/product"}],"wp:featuredmedia":[{"embeddable":true,"href":"https:\/\/yuarbaby.com\/ar\/wp-json\/wp\/v2\/media\/2069"}],"wp:attachment":[{"href":"https:\/\/yuarbaby.com\/ar\/wp-json\/wp\/v2\/media?parent=2043"}],"wp:term":[{"taxonomy":"product_brand","embeddable":true,"href":"https:\/\/yuarbaby.com\/ar\/wp-json\/wp\/v2\/product_brand?post=2043"},{"taxonomy":"product_cat","embeddable":true,"href":"https:\/\/yuarbaby.com\/ar\/wp-json\/wp\/v2\/product_cat?post=2043"},{"taxonomy":"product_tag","embeddable":true,"href":"https:\/\/yuarbaby.com\/ar\/wp-json\/wp\/v2\/product_tag?post=2043"}],"curies":[{"name":"wp","href":"https:\/\/api.w.org\/{rel}","templated":true}]}}