{"id":1964,"date":"2023-12-08T09:56:04","date_gmt":"2023-12-08T06:56:04","guid":{"rendered":"https:\/\/yuarbaby.com\/ar\/?post_type=product&#038;p=1964"},"modified":"2024-01-02T09:13:49","modified_gmt":"2024-01-02T06:13:49","slug":"tacli-besik-uyku-seti","status":"publish","type":"product","link":"https:\/\/yuarbaby.com\/ar\/urun\/tacli-besik-uyku-seti\/","title":{"rendered":"\u0643\u0631\u0627\u0648\u0646 \u0627\u0644\u0630\u0647\u0628\u064a"},"content":{"rendered":"<table style=\"height: 547px;\" width=\"411\">\n<tbody>\n<tr>\n<td><span style=\"font-weight: 400;\">\u0130\u00e7erik<\/span><\/td>\n<td><span style=\"font-weight: 400;\">Adet<\/span><\/td>\n<td><span style=\"font-weight: 400;\">Ebat<\/span><\/td>\n<\/tr>\n<tr>\n<td><span style=\"font-weight: 400;\">Yorgan<\/span><\/td>\n<td><span style=\"font-weight: 400;\">1<\/span><\/td>\n<td><span style=\"font-weight: 400;\">95&#215;145 cm<\/span><\/td>\n<\/tr>\n<tr>\n<td><span style=\"font-weight: 400;\">Yorgan K\u0131l\u0131f\u0131<\/span><\/td>\n<td><span style=\"font-weight: 400;\">1<\/span><\/td>\n<td><span style=\"font-weight: 400;\">95&#215;145 cm<\/span><\/td>\n<\/tr>\n<tr>\n<td><span style=\"font-weight: 400;\">Yast\u0131k<\/span><\/td>\n<td><span style=\"font-weight: 400;\">1<\/span><\/td>\n<td><span style=\"font-weight: 400;\">35&#215;45 cm<\/span><\/td>\n<\/tr>\n<tr>\n<td><span style=\"font-weight: 400;\">Yast\u0131k K\u0131l\u0131f\u0131<\/span><\/td>\n<td><span style=\"font-weight: 400;\">1<\/span><\/td>\n<td><span style=\"font-weight: 400;\">35&#215;45 cm<\/span><\/td>\n<\/tr>\n<tr>\n<td><span style=\"font-weight: 400;\">Uzun Yan Koruma Yast\u0131\u011f\u0131<\/span><\/td>\n<td><span style=\"font-weight: 400;\">1<\/span><\/td>\n<td><\/td>\n<\/tr>\n<tr>\n<td><span style=\"font-weight: 400;\">K\u0131sa Yan Koruma yast\u0131\u011f\u0131<\/span><\/td>\n<td><span style=\"font-weight: 400;\">2<\/span><\/td>\n<td><\/td>\n<\/tr>\n<tr>\n<td><span style=\"font-weight: 400;\">\u00c7ar\u015faf<\/span><\/td>\n<td><span style=\"font-weight: 400;\">1<\/span><\/td>\n<td><span style=\"font-weight: 400;\">115&#215;140 cm<\/span><\/td>\n<\/tr>\n<tr>\n<td><span style=\"font-weight: 400;\">Ta\u00e7l\u0131 S\u00fcs Yast\u0131\u011f\u0131<\/span><\/td>\n<td><span style=\"font-weight: 400;\">1<\/span><\/td>\n<td><\/td>\n<\/tr>\n<\/tbody>\n<\/table>\n","protected":false},"excerpt":{"rendered":"<p>\u0130\u00e7erik Adet Ebat Yorgan 1 95&#215;145 cm Yorgan K\u0131l\u0131f\u0131 1 95&#215;145 cm Yast\u0131k 1 35&#215;45 cm Yast\u0131k K\u0131l\u0131f\u0131 1 35&#215;45 cm Uzun Yan Koruma Yast\u0131\u011f\u0131 1 K\u0131sa Yan Koruma yast\u0131\u011f\u0131 2 \u00c7ar\u015faf 1 115&#215;140 cm Ta\u00e7l\u0131 S\u00fcs Yast\u0131\u011f\u0131 1<\/p>\n","protected":false},"featured_media":1966,"template":"","meta":[],"product_brand":[],"product_cat":[21,22,104],"product_tag":[],"class_list":{"0":"post-1964","1":"product","2":"type-product","3":"status-publish","4":"has-post-thumbnail","6":"product_cat-uyku-setleri-grubu","7":"product_cat-besik-uyku-setleri","8":"product_cat-tacli-uyku-seti","10":"first","11":"instock","12":"shipping-taxable","13":"product-type-variable"},"_links":{"self":[{"href":"https:\/\/yuarbaby.com\/ar\/wp-json\/wp\/v2\/product\/1964","targetHints":{"allow":["GET"]}}],"collection":[{"href":"https:\/\/yuarbaby.com\/ar\/wp-json\/wp\/v2\/product"}],"about":[{"href":"https:\/\/yuarbaby.com\/ar\/wp-json\/wp\/v2\/types\/product"}],"wp:featuredmedia":[{"embeddable":true,"href":"https:\/\/yuarbaby.com\/ar\/wp-json\/wp\/v2\/media\/1966"}],"wp:attachment":[{"href":"https:\/\/yuarbaby.com\/ar\/wp-json\/wp\/v2\/media?parent=1964"}],"wp:term":[{"taxonomy":"product_brand","embeddable":true,"href":"https:\/\/yuarbaby.com\/ar\/wp-json\/wp\/v2\/product_brand?post=1964"},{"taxonomy":"product_cat","embeddable":true,"href":"https:\/\/yuarbaby.com\/ar\/wp-json\/wp\/v2\/product_cat?post=1964"},{"taxonomy":"product_tag","embeddable":true,"href":"https:\/\/yuarbaby.com\/ar\/wp-json\/wp\/v2\/product_tag?post=1964"}],"curies":[{"name":"wp","href":"https:\/\/api.w.org\/{rel}","templated":true}]}}