{"id":1956,"date":"2023-12-08T09:45:09","date_gmt":"2023-12-08T06:45:09","guid":{"rendered":"https:\/\/yuarbaby.com\/ar\/?post_type=product&#038;p=1956"},"modified":"2024-01-02T09:13:57","modified_gmt":"2024-01-02T06:13:57","slug":"suzene-uyku-seti","status":"publish","type":"product","link":"https:\/\/yuarbaby.com\/ar\/urun\/suzene-uyku-seti\/","title":{"rendered":"\u0627\u0646\u064a\u0645\u0627\u0644"},"content":{"rendered":"<table class=\"custom-table\">\n<tbody>\n<tr>\n<th>\u0130\u00e7erik<\/th>\n<th>Adet<\/th>\n<th>Ebat<\/th>\n<\/tr>\n<tr>\n<td>Yorgan<\/td>\n<td>1<\/td>\n<td>95&#215;145 cm<\/td>\n<\/tr>\n<tr>\n<td>Yorgan K\u0131l\u0131f\u0131<\/td>\n<td>1<\/td>\n<td>95&#215;145 cm<\/td>\n<\/tr>\n<tr>\n<td>Ba\u015f Yast\u0131\u011f\u0131<\/td>\n<td>1<\/td>\n<td>35&#215;45 cm<\/td>\n<\/tr>\n<tr>\n<td>Ba\u015f Yast\u0131k k\u0131l\u0131f\u0131<\/td>\n<td>1<\/td>\n<td>35x45cm<\/td>\n<\/tr>\n<tr>\n<td>Kenar Koruma<\/td>\n<td>2<\/td>\n<td><\/td>\n<\/tr>\n<tr>\n<td>Ba\u015f koruma<\/td>\n<td>1<\/td>\n<td><\/td>\n<\/tr>\n<tr>\n<td>S\u00fcs Yast\u0131k<\/td>\n<td>1<\/td>\n<td><\/td>\n<\/tr>\n<tr>\n<td>\u00c7ar\u015faf<\/td>\n<td>1<\/td>\n<td>115&#215;140 cm<\/td>\n<\/tr>\n<\/tbody>\n<\/table>\n","protected":false},"excerpt":{"rendered":"<p>\u0130\u00e7erik Adet Ebat Yorgan 1 95&#215;145 cm Yorgan K\u0131l\u0131f\u0131 1 95&#215;145 cm Ba\u015f Yast\u0131\u011f\u0131 1 35&#215;45 cm Ba\u015f Yast\u0131k k\u0131l\u0131f\u0131 1 35x45cm Kenar Koruma 2 Ba\u015f koruma 1 S\u00fcs Yast\u0131k 1 \u00c7ar\u015faf 1 115&#215;140 cm<\/p>\n","protected":false},"featured_media":1959,"template":"","meta":[],"product_brand":[],"product_cat":[21,22,102],"product_tag":[],"class_list":{"0":"post-1956","1":"product","2":"type-product","3":"status-publish","4":"has-post-thumbnail","6":"product_cat-uyku-setleri-grubu","7":"product_cat-besik-uyku-setleri","8":"product_cat-suzene-uyku-seti-besik-uyku-setleri","10":"first","11":"instock","12":"shipping-taxable","13":"product-type-variable"},"_links":{"self":[{"href":"https:\/\/yuarbaby.com\/ar\/wp-json\/wp\/v2\/product\/1956","targetHints":{"allow":["GET"]}}],"collection":[{"href":"https:\/\/yuarbaby.com\/ar\/wp-json\/wp\/v2\/product"}],"about":[{"href":"https:\/\/yuarbaby.com\/ar\/wp-json\/wp\/v2\/types\/product"}],"wp:featuredmedia":[{"embeddable":true,"href":"https:\/\/yuarbaby.com\/ar\/wp-json\/wp\/v2\/media\/1959"}],"wp:attachment":[{"href":"https:\/\/yuarbaby.com\/ar\/wp-json\/wp\/v2\/media?parent=1956"}],"wp:term":[{"taxonomy":"product_brand","embeddable":true,"href":"https:\/\/yuarbaby.com\/ar\/wp-json\/wp\/v2\/product_brand?post=1956"},{"taxonomy":"product_cat","embeddable":true,"href":"https:\/\/yuarbaby.com\/ar\/wp-json\/wp\/v2\/product_cat?post=1956"},{"taxonomy":"product_tag","embeddable":true,"href":"https:\/\/yuarbaby.com\/ar\/wp-json\/wp\/v2\/product_tag?post=1956"}],"curies":[{"name":"wp","href":"https:\/\/api.w.org\/{rel}","templated":true}]}}