{"id":1949,"date":"2023-12-08T09:37:52","date_gmt":"2023-12-08T06:37:52","guid":{"rendered":"https:\/\/yuarbaby.com\/ar\/?post_type=product&#038;p=1949"},"modified":"2024-01-02T09:14:26","modified_gmt":"2024-01-02T06:14:26","slug":"dino-modeli-pike-yesil-pike-besik-uyku-seti","status":"publish","type":"product","link":"https:\/\/yuarbaby.com\/ar\/urun\/dino-modeli-pike-yesil-pike-besik-uyku-seti\/","title":{"rendered":"\u062f\u064a\u0646\u0648 \u0627\u062e\u0636\u0631 \u0628\u064a\u0643\u064a\u0647"},"content":{"rendered":"<table class=\"custom-table\">\n<tbody>\n<tr>\n<th>\u0130\u00e7erik<\/th>\n<th>Adet<\/th>\n<th>Ebat<\/th>\n<\/tr>\n<tr>\n<td>Yorgan<\/td>\n<td>1<\/td>\n<td>95&#215;145 cm<\/td>\n<\/tr>\n<tr>\n<td>Yorgan K\u0131l\u0131f\u0131<\/td>\n<td>1<\/td>\n<td>95&#215;145 cm<\/td>\n<\/tr>\n<tr>\n<td>Ba\u015f Yast\u0131k<\/td>\n<td>1<\/td>\n<td>35&#215;45 cm<\/td>\n<\/tr>\n<tr>\n<td>Ba\u015f Yast\u0131k K\u0131l\u0131f\u0131<\/td>\n<td>1<\/td>\n<td>35&#215;45 cm<\/td>\n<\/tr>\n<tr>\n<td>\u00c7ar\u015faf<\/td>\n<td>1<\/td>\n<td>115&#215;140 cm<\/td>\n<\/tr>\n<tr>\n<td>Kenar Koruma<\/td>\n<td>2<\/td>\n<td><\/td>\n<\/tr>\n<tr>\n<td>Ba\u015f Koruma<\/td>\n<td>1<\/td>\n<td><\/td>\n<\/tr>\n<tr>\n<td>S\u00fcs yast\u0131\u011f\u0131<\/td>\n<td>1<\/td>\n<td><\/td>\n<\/tr>\n<\/tbody>\n<\/table>\n<p>&nbsp;<\/p>\n","protected":false},"excerpt":{"rendered":"<p>Uyku Setimiz 100% pamuklu pike kuma\u015ftan \u00fcretilmi\u015f olup, bebe\u011finizin rahat uyumas\u0131n\u0131 sa\u011flar.<\/p>\n<p>\u00dcr\u00fcnlerimizin k\u0131l\u0131fl\u0131 \u00f6zelli\u011fine sahiptir.<\/p>\n<p>B\u00f6ylece, istedi\u011finizde k\u0131l\u0131flar\u0131 \u00e7\u0131kart\u0131p y\u0131kayabilirsiniz.<\/p>\n","protected":false},"featured_media":1954,"template":"","meta":[],"product_brand":[],"product_cat":[21,22,145],"product_tag":[],"class_list":{"0":"post-1949","1":"product","2":"type-product","3":"status-publish","4":"has-post-thumbnail","6":"product_cat-uyku-setleri-grubu","7":"product_cat-besik-uyku-setleri","8":"product_cat-pike-uyku-seti","10":"first","11":"instock","12":"shipping-taxable","13":"product-type-variable"},"_links":{"self":[{"href":"https:\/\/yuarbaby.com\/ar\/wp-json\/wp\/v2\/product\/1949","targetHints":{"allow":["GET"]}}],"collection":[{"href":"https:\/\/yuarbaby.com\/ar\/wp-json\/wp\/v2\/product"}],"about":[{"href":"https:\/\/yuarbaby.com\/ar\/wp-json\/wp\/v2\/types\/product"}],"wp:featuredmedia":[{"embeddable":true,"href":"https:\/\/yuarbaby.com\/ar\/wp-json\/wp\/v2\/media\/1954"}],"wp:attachment":[{"href":"https:\/\/yuarbaby.com\/ar\/wp-json\/wp\/v2\/media?parent=1949"}],"wp:term":[{"taxonomy":"product_brand","embeddable":true,"href":"https:\/\/yuarbaby.com\/ar\/wp-json\/wp\/v2\/product_brand?post=1949"},{"taxonomy":"product_cat","embeddable":true,"href":"https:\/\/yuarbaby.com\/ar\/wp-json\/wp\/v2\/product_cat?post=1949"},{"taxonomy":"product_tag","embeddable":true,"href":"https:\/\/yuarbaby.com\/ar\/wp-json\/wp\/v2\/product_tag?post=1949"}],"curies":[{"name":"wp","href":"https:\/\/api.w.org\/{rel}","templated":true}]}}