{"id":1882,"date":"2023-12-07T15:53:21","date_gmt":"2023-12-07T12:53:21","guid":{"rendered":"https:\/\/yuarbaby.com\/ar\/?post_type=product&#038;p=1882"},"modified":"2024-01-02T09:18:24","modified_gmt":"2024-01-02T06:18:24","slug":"tavsan-desenli-gri-3lu-orgu-besik-uyku-seti","status":"publish","type":"product","link":"https:\/\/yuarbaby.com\/ar\/urun\/tavsan-desenli-gri-3lu-orgu-besik-uyku-seti\/","title":{"rendered":"\u0645\u062c\u062f\u0644\u0629 \u062b\u0644\u0627\u062b\u064a\u0629 \u060c \u0627\u0631\u062c\u0644 \u0627\u0644\u0627\u0631\u0646\u0628 \u060c \u0631\u0645\u0627\u062f\u064a"},"content":{"rendered":"<table class=\"custom-table\">\n<tbody>\n<tr>\n<th>\u0130\u00e7erik<\/th>\n<th>Adet<\/th>\n<th>Ebat<\/th>\n<\/tr>\n<tr>\n<td>Yorgan<\/td>\n<td>1<\/td>\n<td>95&#215;145 cm<\/td>\n<\/tr>\n<tr>\n<td>Yorgan K\u0131l\u0131f\u0131<\/td>\n<td>1<\/td>\n<td>95&#215;145 cm<\/td>\n<\/tr>\n<tr>\n<td>Ba\u015f Yast\u0131k<\/td>\n<td>1<\/td>\n<td>35&#215;45 cm<\/td>\n<\/tr>\n<tr>\n<td>Ba\u015f Yast\u0131k K\u0131l\u0131f\u0131<\/td>\n<td>1<\/td>\n<td>35&#215;45 cm<\/td>\n<\/tr>\n<tr>\n<td>\u00c7ar\u015faf<\/td>\n<td>1<\/td>\n<td>115&#215;140 cm<\/td>\n<\/tr>\n<tr>\n<td>\u00d6rg\u00fc Yan Koruma<\/td>\n<td>1<\/td>\n<td>240 cm<\/td>\n<\/tr>\n<tr>\n<td>S\u00fcs Yast\u0131k<\/td>\n<td>2<\/td>\n<td><\/td>\n<\/tr>\n<\/tbody>\n<\/table>\n","protected":false},"excerpt":{"rendered":"<p>Uyku Setimiz 100% pamuklu kuma\u015ftan \u00fcretilmi\u015f olup, bebe\u011finizin rahat uyumas\u0131n\u0131 sa\u011flar.<\/p>\n<p>\u00dcr\u00fcnlerimizin k\u0131l\u0131fl\u0131 \u00f6zelli\u011fine Sahiptir.<\/p>\n<p>B\u00f6ylece, istedi\u011finizde k\u0131l\u0131flar\u0131 \u00e7\u0131kart\u0131p y\u0131kayabilirsiniz.<\/p>\n","protected":false},"featured_media":1891,"template":"","meta":[],"product_brand":[],"product_cat":[21,22,144,148],"product_tag":[],"class_list":{"0":"post-1882","1":"product","2":"type-product","3":"status-publish","4":"has-post-thumbnail","6":"product_cat-uyku-setleri-grubu","7":"product_cat-besik-uyku-setleri","8":"product_cat-orgu-uyku-seti-besik-uyku-setleri","9":"product_cat-3lu-orgu-besik-uyku-seti","11":"first","12":"instock","13":"shipping-taxable","14":"product-type-variable"},"_links":{"self":[{"href":"https:\/\/yuarbaby.com\/ar\/wp-json\/wp\/v2\/product\/1882","targetHints":{"allow":["GET"]}}],"collection":[{"href":"https:\/\/yuarbaby.com\/ar\/wp-json\/wp\/v2\/product"}],"about":[{"href":"https:\/\/yuarbaby.com\/ar\/wp-json\/wp\/v2\/types\/product"}],"wp:featuredmedia":[{"embeddable":true,"href":"https:\/\/yuarbaby.com\/ar\/wp-json\/wp\/v2\/media\/1891"}],"wp:attachment":[{"href":"https:\/\/yuarbaby.com\/ar\/wp-json\/wp\/v2\/media?parent=1882"}],"wp:term":[{"taxonomy":"product_brand","embeddable":true,"href":"https:\/\/yuarbaby.com\/ar\/wp-json\/wp\/v2\/product_brand?post=1882"},{"taxonomy":"product_cat","embeddable":true,"href":"https:\/\/yuarbaby.com\/ar\/wp-json\/wp\/v2\/product_cat?post=1882"},{"taxonomy":"product_tag","embeddable":true,"href":"https:\/\/yuarbaby.com\/ar\/wp-json\/wp\/v2\/product_tag?post=1882"}],"curies":[{"name":"wp","href":"https:\/\/api.w.org\/{rel}","templated":true}]}}