{"id":1869,"date":"2023-12-07T15:43:10","date_gmt":"2023-12-07T12:43:10","guid":{"rendered":"https:\/\/yuarbaby.com\/ar\/?post_type=product&#038;p=1869"},"modified":"2024-01-02T09:19:22","modified_gmt":"2024-01-02T06:19:22","slug":"yildiz-desenli-mavi-neseli-dostlar-besik-uyku-seti","status":"publish","type":"product","link":"https:\/\/yuarbaby.com\/ar\/urun\/yildiz-desenli-mavi-neseli-dostlar-besik-uyku-seti\/","title":{"rendered":"\u0646\u0634\u0644\u064a \u062f\u0648\u0633\u062a\u0644\u0627\u0631 \u0646\u062c\u0645\u0627\u062a \u0627\u0632\u0631\u0642"},"content":{"rendered":"<table class=\"custom-table\">\n<tbody>\n<tr>\n<th>\u0130\u00e7erik<\/th>\n<th>Adet<\/th>\n<th>Ebat<\/th>\n<\/tr>\n<tr>\n<td>Yorgan<\/td>\n<td>1<\/td>\n<td>95&#215;145 cm<\/td>\n<\/tr>\n<tr>\n<td>Yorgan K\u0131l\u0131f\u0131<\/td>\n<td>1<\/td>\n<td>95&#215;145 cm<\/td>\n<\/tr>\n<tr>\n<td>Ba\u015f Yast\u0131\u011f\u0131<\/td>\n<td>1<\/td>\n<td>35x45cm<\/td>\n<\/tr>\n<tr>\n<td>yast\u0131k K\u0131l\u0131f\u0131<\/td>\n<td>1<\/td>\n<td>35&#215;45 cm<\/td>\n<\/tr>\n<tr>\n<td>Ne\u015feli Dostlar<\/td>\n<td>6<\/td>\n<td><\/td>\n<\/tr>\n<tr>\n<td>\u00c7ar\u015faf<\/td>\n<td>1<\/td>\n<td>115&#215;140 cm<\/td>\n<\/tr>\n<\/tbody>\n<\/table>\n","protected":false},"excerpt":{"rendered":"<p>Uyku Setimiz 100% pamuklu kuma\u015ftan \u00fcretilmi\u015f olup, bebe\u011finizin rahat uyumas\u0131n\u0131 sa\u011flar.<\/p>\n<p>\u00dcr\u00fcnlerimizin k\u0131l\u0131fl\u0131 \u00f6zelli\u011fine Sahiptir.<\/p>\n<p>B\u00f6ylece, istedi\u011finizde k\u0131l\u0131flar\u0131 \u00e7\u0131kart\u0131p y\u0131kayabilirsiniz.<\/p>\n","protected":false},"featured_media":1877,"template":"","meta":[],"product_brand":[],"product_cat":[21,22,103],"product_tag":[],"class_list":{"0":"post-1869","1":"product","2":"type-product","3":"status-publish","4":"has-post-thumbnail","6":"product_cat-uyku-setleri-grubu","7":"product_cat-besik-uyku-setleri","8":"product_cat-neseli-dostlar-besik-uyku-setleri","10":"first","11":"instock","12":"shipping-taxable","13":"product-type-variable"},"_links":{"self":[{"href":"https:\/\/yuarbaby.com\/ar\/wp-json\/wp\/v2\/product\/1869","targetHints":{"allow":["GET"]}}],"collection":[{"href":"https:\/\/yuarbaby.com\/ar\/wp-json\/wp\/v2\/product"}],"about":[{"href":"https:\/\/yuarbaby.com\/ar\/wp-json\/wp\/v2\/types\/product"}],"wp:featuredmedia":[{"embeddable":true,"href":"https:\/\/yuarbaby.com\/ar\/wp-json\/wp\/v2\/media\/1877"}],"wp:attachment":[{"href":"https:\/\/yuarbaby.com\/ar\/wp-json\/wp\/v2\/media?parent=1869"}],"wp:term":[{"taxonomy":"product_brand","embeddable":true,"href":"https:\/\/yuarbaby.com\/ar\/wp-json\/wp\/v2\/product_brand?post=1869"},{"taxonomy":"product_cat","embeddable":true,"href":"https:\/\/yuarbaby.com\/ar\/wp-json\/wp\/v2\/product_cat?post=1869"},{"taxonomy":"product_tag","embeddable":true,"href":"https:\/\/yuarbaby.com\/ar\/wp-json\/wp\/v2\/product_tag?post=1869"}],"curies":[{"name":"wp","href":"https:\/\/api.w.org\/{rel}","templated":true}]}}