{"id":1861,"date":"2023-12-07T15:27:37","date_gmt":"2023-12-07T12:27:37","guid":{"rendered":"https:\/\/yuarbaby.com\/ar\/?post_type=product&#038;p=1861"},"modified":"2024-01-02T09:20:39","modified_gmt":"2024-01-02T06:20:39","slug":"yildiz-desenli-kahve-yan-duvarli-besik-uyku-seti-eko","status":"publish","type":"product","link":"https:\/\/yuarbaby.com\/ar\/urun\/yildiz-desenli-kahve-yan-duvarli-besik-uyku-seti-eko\/","title":{"rendered":"\u0627\u064a\u0643\u0648 \u0628\u0646\u064a \u0646\u062c\u0645\u0629"},"content":{"rendered":"<table class=\"custom-table\">\n<tbody>\n<tr>\n<th>\u0130\u00e7erik<\/th>\n<th>Adet<\/th>\n<th>Ebat<\/th>\n<\/tr>\n<tr>\n<td>Yorgan<\/td>\n<td>1<\/td>\n<td>72&#215;123 cm<\/td>\n<\/tr>\n<tr>\n<td>Ba\u015f Yast\u0131k<\/td>\n<td>1<\/td>\n<td>30&#215;40 cm<\/td>\n<\/tr>\n<tr>\n<td>\u00c7ar\u015faf<\/td>\n<td>1<\/td>\n<td>95&#215;135 cm<\/td>\n<\/tr>\n<tr>\n<td>\u00d6rg\u00fc yan Koruma<\/td>\n<td>1<\/td>\n<td>240<\/td>\n<\/tr>\n<tr>\n<td>S\u00fcs yast\u0131\u011f\u0131<\/td>\n<td>2<\/td>\n<td><\/td>\n<\/tr>\n<\/tbody>\n<\/table>\n<p>&nbsp;<\/p>\n","protected":false},"excerpt":{"rendered":"<p>Uyku setimiz eko versiyondan tasarlanm\u0131\u015ft\u0131r.<\/p>\n<p>\u0130stenilen ebat ve par\u00e7alar\u0131 ekleyip se\u00e7ebilirsiniz.<\/p>\n<p>Naki\u015fli s\u00fcs yast\u0131klarla g\u00fczelle\u015ftirilmi\u015ftir.<\/p>\n","protected":false},"featured_media":1865,"template":"","meta":[],"product_brand":[],"product_cat":[21,22,146],"product_tag":[],"class_list":{"0":"post-1861","1":"product","2":"type-product","3":"status-publish","4":"has-post-thumbnail","6":"product_cat-uyku-setleri-grubu","7":"product_cat-besik-uyku-setleri","8":"product_cat-eko-uyku-seti","10":"first","11":"instock","12":"shipping-taxable","13":"product-type-variable"},"_links":{"self":[{"href":"https:\/\/yuarbaby.com\/ar\/wp-json\/wp\/v2\/product\/1861","targetHints":{"allow":["GET"]}}],"collection":[{"href":"https:\/\/yuarbaby.com\/ar\/wp-json\/wp\/v2\/product"}],"about":[{"href":"https:\/\/yuarbaby.com\/ar\/wp-json\/wp\/v2\/types\/product"}],"wp:featuredmedia":[{"embeddable":true,"href":"https:\/\/yuarbaby.com\/ar\/wp-json\/wp\/v2\/media\/1865"}],"wp:attachment":[{"href":"https:\/\/yuarbaby.com\/ar\/wp-json\/wp\/v2\/media?parent=1861"}],"wp:term":[{"taxonomy":"product_brand","embeddable":true,"href":"https:\/\/yuarbaby.com\/ar\/wp-json\/wp\/v2\/product_brand?post=1861"},{"taxonomy":"product_cat","embeddable":true,"href":"https:\/\/yuarbaby.com\/ar\/wp-json\/wp\/v2\/product_cat?post=1861"},{"taxonomy":"product_tag","embeddable":true,"href":"https:\/\/yuarbaby.com\/ar\/wp-json\/wp\/v2\/product_tag?post=1861"}],"curies":[{"name":"wp","href":"https:\/\/api.w.org\/{rel}","templated":true}]}}