{"id":1819,"date":"2023-12-07T14:42:49","date_gmt":"2023-12-07T11:42:49","guid":{"rendered":"https:\/\/yuarbaby.com\/ar\/?post_type=product&#038;p=1819"},"modified":"2024-01-02T09:22:45","modified_gmt":"2024-01-02T06:22:45","slug":"hardal-suzene-oyun-parki-uyku-seti","status":"publish","type":"product","link":"https:\/\/yuarbaby.com\/ar\/urun\/hardal-suzene-oyun-parki-uyku-seti\/","title":{"rendered":"\u062e\u0631\u062f\u0644 \u0632\u0631\u0627\u0641\u0629"},"content":{"rendered":"<table class=\"custom-table\">\n<tbody>\n<tr>\n<th>\u0130\u00e7erik<\/th>\n<th>Adet<\/th>\n<th>Ebat<\/th>\n<\/tr>\n<tr>\n<td>Yorgan<\/td>\n<td>1<\/td>\n<td>80&#215;130 cm<\/td>\n<\/tr>\n<tr>\n<td>Ba\u015f Yast\u0131k<\/td>\n<td>1<\/td>\n<td>35&#215;45 cm<\/td>\n<\/tr>\n<tr>\n<td>Ba\u015f Yast\u0131k K\u0131l\u0131f\u0131<\/td>\n<td>1<\/td>\n<td>35&#215;45 cm<\/td>\n<\/tr>\n<tr>\n<td>\u00c7ar\u015faf<\/td>\n<td>1<\/td>\n<td>80&#215;130 cm<\/td>\n<\/tr>\n<tr>\n<td>S\u00fcs yast\u0131\u011f\u0131<\/td>\n<td>1<\/td>\n<td><\/td>\n<\/tr>\n<\/tbody>\n<\/table>\n","protected":false},"excerpt":{"rendered":"<p>\u0130\u00e7erik Adet Ebat Yorgan 1 80&#215;130 cm Ba\u015f Yast\u0131k 1 35&#215;45 cm Ba\u015f Yast\u0131k K\u0131l\u0131f\u0131 1 35&#215;45 cm \u00c7ar\u015faf 1 80&#215;130 cm S\u00fcs yast\u0131\u011f\u0131 1<\/p>\n","protected":false},"featured_media":1832,"template":"","meta":[],"product_brand":[],"product_cat":[21,50,147],"product_tag":[],"class_list":{"0":"post-1819","1":"product","2":"type-product","3":"status-publish","4":"has-post-thumbnail","6":"product_cat-uyku-setleri-grubu","7":"product_cat-oyun-parki-uyku-seti","8":"product_cat-suzene-uyku-seti-oyun-parki-uyku-seti","10":"first","11":"instock","12":"shipping-taxable","13":"product-type-variable"},"_links":{"self":[{"href":"https:\/\/yuarbaby.com\/ar\/wp-json\/wp\/v2\/product\/1819","targetHints":{"allow":["GET"]}}],"collection":[{"href":"https:\/\/yuarbaby.com\/ar\/wp-json\/wp\/v2\/product"}],"about":[{"href":"https:\/\/yuarbaby.com\/ar\/wp-json\/wp\/v2\/types\/product"}],"wp:featuredmedia":[{"embeddable":true,"href":"https:\/\/yuarbaby.com\/ar\/wp-json\/wp\/v2\/media\/1832"}],"wp:attachment":[{"href":"https:\/\/yuarbaby.com\/ar\/wp-json\/wp\/v2\/media?parent=1819"}],"wp:term":[{"taxonomy":"product_brand","embeddable":true,"href":"https:\/\/yuarbaby.com\/ar\/wp-json\/wp\/v2\/product_brand?post=1819"},{"taxonomy":"product_cat","embeddable":true,"href":"https:\/\/yuarbaby.com\/ar\/wp-json\/wp\/v2\/product_cat?post=1819"},{"taxonomy":"product_tag","embeddable":true,"href":"https:\/\/yuarbaby.com\/ar\/wp-json\/wp\/v2\/product_tag?post=1819"}],"curies":[{"name":"wp","href":"https:\/\/api.w.org\/{rel}","templated":true}]}}