{"id":1758,"date":"2023-12-07T13:45:45","date_gmt":"2023-12-07T10:45:45","guid":{"rendered":"https:\/\/yuarbaby.com\/ar\/?post_type=product&#038;p=1758"},"modified":"2024-01-02T09:24:57","modified_gmt":"2024-01-02T06:24:57","slug":"safari-desenli-sari-oyun-parki-uyku-seti","status":"publish","type":"product","link":"https:\/\/yuarbaby.com\/ar\/urun\/safari-desenli-sari-oyun-parki-uyku-seti\/","title":{"rendered":"\u0633\u0641\u0627\u0631\u064a \u0627\u0635\u0641\u0631"},"content":{"rendered":"<table class=\"custom-table\">\n<tbody>\n<tr>\n<th>\u0130\u00e7erik<\/th>\n<th>Adet<\/th>\n<th>Ebat<\/th>\n<\/tr>\n<tr>\n<td>Yorgan<\/td>\n<td>1<\/td>\n<td>80&#215;130 cm<\/td>\n<\/tr>\n<tr>\n<td>Ba\u015f Yast\u0131k<\/td>\n<td>1<\/td>\n<td>35&#215;45 cm<\/td>\n<\/tr>\n<tr>\n<td>Ba\u015f Yast\u0131k K\u0131l\u0131f\u0131<\/td>\n<td>1<\/td>\n<td>35&#215;45 cm<\/td>\n<\/tr>\n<tr>\n<td>\u00c7ar\u015faf<\/td>\n<td>1<\/td>\n<td>100&#215;140 cm<\/td>\n<\/tr>\n<tr>\n<td>Kenar Koruma<\/td>\n<td>2<\/td>\n<td><\/td>\n<\/tr>\n<tr>\n<td>Ba\u015f Koruma<\/td>\n<td>1<\/td>\n<td><\/td>\n<\/tr>\n<tr>\n<td>S\u00fcs yast\u0131\u011f\u0131<\/td>\n<td>1<\/td>\n<td><\/td>\n<\/tr>\n<\/tbody>\n<\/table>\n<p>&nbsp;<\/p>\n","protected":false},"excerpt":{"rendered":"<p>Oyun park\u0131 Setimiz 100% pamuklu kuma\u015ftan \u00fcretilmi\u015f olup, bebe\u011finizin rahat uyumas\u0131n\u0131 sa\u011flar.<\/p>\n<p>Yast\u0131\u011f\u0131 k\u0131l\u0131fl\u0131 olup \u00e7\u0131kar\u0131p y\u0131kanabilir.<\/p>\n","protected":false},"featured_media":1773,"template":"","meta":[],"product_brand":[],"product_cat":[21,50,105],"product_tag":[],"class_list":{"0":"post-1758","1":"product","2":"type-product","3":"status-publish","4":"has-post-thumbnail","6":"product_cat-uyku-setleri-grubu","7":"product_cat-oyun-parki-uyku-seti","8":"product_cat-yan-duvarli-uyku-seti","10":"first","11":"instock","12":"shipping-taxable","13":"product-type-variable"},"_links":{"self":[{"href":"https:\/\/yuarbaby.com\/ar\/wp-json\/wp\/v2\/product\/1758","targetHints":{"allow":["GET"]}}],"collection":[{"href":"https:\/\/yuarbaby.com\/ar\/wp-json\/wp\/v2\/product"}],"about":[{"href":"https:\/\/yuarbaby.com\/ar\/wp-json\/wp\/v2\/types\/product"}],"wp:featuredmedia":[{"embeddable":true,"href":"https:\/\/yuarbaby.com\/ar\/wp-json\/wp\/v2\/media\/1773"}],"wp:attachment":[{"href":"https:\/\/yuarbaby.com\/ar\/wp-json\/wp\/v2\/media?parent=1758"}],"wp:term":[{"taxonomy":"product_brand","embeddable":true,"href":"https:\/\/yuarbaby.com\/ar\/wp-json\/wp\/v2\/product_brand?post=1758"},{"taxonomy":"product_cat","embeddable":true,"href":"https:\/\/yuarbaby.com\/ar\/wp-json\/wp\/v2\/product_cat?post=1758"},{"taxonomy":"product_tag","embeddable":true,"href":"https:\/\/yuarbaby.com\/ar\/wp-json\/wp\/v2\/product_tag?post=1758"}],"curies":[{"name":"wp","href":"https:\/\/api.w.org\/{rel}","templated":true}]}}