{"id":1744,"date":"2023-12-07T13:45:15","date_gmt":"2023-12-07T10:45:15","guid":{"rendered":"https:\/\/yuarbaby.com\/ar\/?post_type=product&#038;p=1744"},"modified":"2024-01-02T09:25:37","modified_gmt":"2024-01-02T06:25:37","slug":"dino-desenli-kiremit-oyun-parki-uyku-seti","status":"publish","type":"product","link":"https:\/\/yuarbaby.com\/ar\/urun\/dino-desenli-kiremit-oyun-parki-uyku-seti\/","title":{"rendered":"\u062f\u064a\u0646\u0648 \u0642\u0631\u0645\u064a\u062f\u064a"},"content":{"rendered":"<table class=\"custom-table\">\n<tbody>\n<tr>\n<th>\u0130\u00e7erik<\/th>\n<th>Adet<\/th>\n<th>Ebat<\/th>\n<\/tr>\n<tr>\n<td>Yorgan<\/td>\n<td>1<\/td>\n<td>80&#215;130 cm<\/td>\n<\/tr>\n<tr>\n<td>Ba\u015f Yast\u0131k<\/td>\n<td>1<\/td>\n<td>35&#215;45 cm<\/td>\n<\/tr>\n<tr>\n<td>Ba\u015f Yast\u0131k K\u0131l\u0131f\u0131<\/td>\n<td>1<\/td>\n<td>35&#215;45 cm<\/td>\n<\/tr>\n<tr>\n<td>\u00c7ar\u015faf<\/td>\n<td>1<\/td>\n<td>100&#215;140 cm<\/td>\n<\/tr>\n<tr>\n<td>Uzun Yan Duvar<\/td>\n<td>2<\/td>\n<td><\/td>\n<\/tr>\n<tr>\n<td>K\u0131sa Yan Duvar<\/td>\n<td>1<\/td>\n<td><\/td>\n<\/tr>\n<tr>\n<td>S\u00fcs Yast\u0131\u011f\u0131<\/td>\n<td>1<\/td>\n<td><\/td>\n<\/tr>\n<\/tbody>\n<\/table>\n","protected":false},"excerpt":{"rendered":"<p>Uyku Setimiz 100% pamuklu kuma\u015ftan \u00fcretilmi\u015f olup, bebe\u011finizin rahat uyumas\u0131n\u0131 sa\u011flar.<\/p>\n<p>\u00dcr\u00fcnlerimizin k\u0131l\u0131fl\u0131 \u00f6zelli\u011fine Sahiptir.<\/p>\n<p>B\u00f6ylece, istedi\u011finizde k\u0131l\u0131flar\u0131 \u00e7\u0131kart\u0131p y\u0131kayabilirsiniz.<\/p>\n<p><span data-sheets-value=\"{&quot;1&quot;:2,&quot;2&quot;:&quot;\u00fcr\u00fcn %100 pamuklu kuma\u015fn(OEKO-TEX\u00ae Standard\u0131na uygun) yan duvarl\u0131 ve duvars\u0131z olarak \u00fcretilmektedir.&quot;}\" data-sheets-userformat=\"{&quot;2&quot;:9153,&quot;3&quot;:{&quot;1&quot;:0},&quot;9&quot;:1,&quot;10&quot;:1,&quot;11&quot;:4,&quot;12&quot;:0,&quot;16&quot;:11}\">\u00dcr\u00fcn\u00fcm\u00fcz %100 pamuklu kuma\u015ftan \u00fcretilmi\u015ftir. <\/span><\/p>\n<p><span data-sheets-value=\"{&quot;1&quot;:2,&quot;2&quot;:&quot;\u00fcr\u00fcn %100 pamuklu kuma\u015fn(OEKO-TEX\u00ae Standard\u0131na uygun) yan duvarl\u0131 ve duvars\u0131z olarak \u00fcretilmektedir.&quot;}\" data-sheets-userformat=\"{&quot;2&quot;:9153,&quot;3&quot;:{&quot;1&quot;:0},&quot;9&quot;:1,&quot;10&quot;:1,&quot;11&quot;:4,&quot;12&quot;:0,&quot;16&quot;:11}\">(OEKO-TEX\u00ae Kuma\u015f Standard\u0131na uygun) yan duvarl\u0131 ve duvars\u0131z olarak \u00fcretilmektedir.<\/span><\/p>\n","protected":false},"featured_media":1766,"template":"","meta":[],"product_brand":[],"product_cat":[21,50,105],"product_tag":[],"class_list":{"0":"post-1744","1":"product","2":"type-product","3":"status-publish","4":"has-post-thumbnail","6":"product_cat-uyku-setleri-grubu","7":"product_cat-oyun-parki-uyku-seti","8":"product_cat-yan-duvarli-uyku-seti","10":"first","11":"instock","12":"shipping-taxable","13":"product-type-variable"},"_links":{"self":[{"href":"https:\/\/yuarbaby.com\/ar\/wp-json\/wp\/v2\/product\/1744","targetHints":{"allow":["GET"]}}],"collection":[{"href":"https:\/\/yuarbaby.com\/ar\/wp-json\/wp\/v2\/product"}],"about":[{"href":"https:\/\/yuarbaby.com\/ar\/wp-json\/wp\/v2\/types\/product"}],"wp:featuredmedia":[{"embeddable":true,"href":"https:\/\/yuarbaby.com\/ar\/wp-json\/wp\/v2\/media\/1766"}],"wp:attachment":[{"href":"https:\/\/yuarbaby.com\/ar\/wp-json\/wp\/v2\/media?parent=1744"}],"wp:term":[{"taxonomy":"product_brand","embeddable":true,"href":"https:\/\/yuarbaby.com\/ar\/wp-json\/wp\/v2\/product_brand?post=1744"},{"taxonomy":"product_cat","embeddable":true,"href":"https:\/\/yuarbaby.com\/ar\/wp-json\/wp\/v2\/product_cat?post=1744"},{"taxonomy":"product_tag","embeddable":true,"href":"https:\/\/yuarbaby.com\/ar\/wp-json\/wp\/v2\/product_tag?post=1744"}],"curies":[{"name":"wp","href":"https:\/\/api.w.org\/{rel}","templated":true}]}}