{"id":1717,"date":"2023-12-07T13:18:02","date_gmt":"2023-12-07T10:18:02","guid":{"rendered":"https:\/\/yuarbaby.com\/ar\/?post_type=product&#038;p=1717"},"modified":"2024-01-02T09:26:56","modified_gmt":"2024-01-02T06:26:56","slug":"dino-desenli-sari-bebek-nevresim-takimi","status":"publish","type":"product","link":"https:\/\/yuarbaby.com\/ar\/urun\/dino-desenli-sari-bebek-nevresim-takimi\/","title":{"rendered":"\u062f\u064a\u0646\u0648 \u0627\u0635\u0641\u0631"},"content":{"rendered":"<table class=\"custom-table\">\n<tbody>\n<tr>\n<th>\u0130\u00e7erik<\/th>\n<th>Adet<\/th>\n<th>Ebat<\/th>\n<\/tr>\n<tr>\n<td>Yorgan K\u0131l\u0131f\u0131<\/td>\n<td>1<\/td>\n<td>95&#215;135 cm<\/td>\n<\/tr>\n<tr>\n<td>Ba\u015f Yast\u0131k K\u0131l\u0131f\u0131<\/td>\n<td>2<\/td>\n<td>35&#215;45 cm<\/td>\n<\/tr>\n<tr>\n<td>\u00c7ar\u015faf<\/td>\n<td>1<\/td>\n<td>115&#215;145 cm<\/td>\n<\/tr>\n<\/tbody>\n<\/table>\n","protected":false},"excerpt":{"rendered":"<p>\u0130\u00e7erik Adet Ebat Yorgan K\u0131l\u0131f\u0131 1 95&#215;135 cm Ba\u015f Yast\u0131k K\u0131l\u0131f\u0131 2 35&#215;45 cm \u00c7ar\u015faf 1 115&#215;145 cm<\/p>\n","protected":false},"featured_media":1725,"template":"","meta":[],"product_brand":[],"product_cat":[21,65],"product_tag":[],"class_list":{"0":"post-1717","1":"product","2":"type-product","3":"status-publish","4":"has-post-thumbnail","6":"product_cat-uyku-setleri-grubu","7":"product_cat-nevresim-setleri","9":"first","10":"instock","11":"shipping-taxable","12":"product-type-variable"},"_links":{"self":[{"href":"https:\/\/yuarbaby.com\/ar\/wp-json\/wp\/v2\/product\/1717","targetHints":{"allow":["GET"]}}],"collection":[{"href":"https:\/\/yuarbaby.com\/ar\/wp-json\/wp\/v2\/product"}],"about":[{"href":"https:\/\/yuarbaby.com\/ar\/wp-json\/wp\/v2\/types\/product"}],"wp:featuredmedia":[{"embeddable":true,"href":"https:\/\/yuarbaby.com\/ar\/wp-json\/wp\/v2\/media\/1725"}],"wp:attachment":[{"href":"https:\/\/yuarbaby.com\/ar\/wp-json\/wp\/v2\/media?parent=1717"}],"wp:term":[{"taxonomy":"product_brand","embeddable":true,"href":"https:\/\/yuarbaby.com\/ar\/wp-json\/wp\/v2\/product_brand?post=1717"},{"taxonomy":"product_cat","embeddable":true,"href":"https:\/\/yuarbaby.com\/ar\/wp-json\/wp\/v2\/product_cat?post=1717"},{"taxonomy":"product_tag","embeddable":true,"href":"https:\/\/yuarbaby.com\/ar\/wp-json\/wp\/v2\/product_tag?post=1717"}],"curies":[{"name":"wp","href":"https:\/\/api.w.org\/{rel}","templated":true}]}}