{"id":1697,"date":"2023-12-07T12:18:52","date_gmt":"2023-12-07T09:18:52","guid":{"rendered":"https:\/\/yuarbaby.com\/ar\/?post_type=product&#038;p=1697"},"modified":"2024-01-02T09:28:22","modified_gmt":"2024-01-02T06:28:22","slug":"uzay-desen-air-yan-durvarli-gri-uyku-seti","status":"publish","type":"product","link":"https:\/\/yuarbaby.com\/ar\/urun\/uzay-desen-air-yan-durvarli-gri-uyku-seti\/","title":{"rendered":"\u0647\u0648\u0627\u0626\u064a \u0641\u0636\u0627\u0621"},"content":{"rendered":"<table class=\"custom-table\">\n<tbody>\n<tr>\n<th>Par\u00e7a<\/th>\n<th>PCS<\/th>\n<th>Dimension<\/th>\n<\/tr>\n<tr>\n<td>Yorgan<\/td>\n<td>1<\/td>\n<td>95&#215;145 cm<\/td>\n<\/tr>\n<tr>\n<td>Air Yorgan K\u0131l\u0131f\u0131<\/td>\n<td>1<\/td>\n<td>95&#215;145 cm<\/td>\n<\/tr>\n<tr>\n<td>Yast\u0131k<\/td>\n<td>1<\/td>\n<td>35&#215;45 cm<\/td>\n<\/tr>\n<tr>\n<td>Air Yast\u0131k K\u0131l\u0131f<\/td>\n<td>1<\/td>\n<td>35&#215;45 cm<\/td>\n<\/tr>\n<tr>\n<td>\u00c7ar\u015faf<\/td>\n<td>1<\/td>\n<td>115&#215;140 cm<\/td>\n<\/tr>\n<tr>\n<td>Air Kenar Koruma<\/td>\n<td>2<\/td>\n<td><\/td>\n<\/tr>\n<tr>\n<td>Air Ba\u015f Koruma<\/td>\n<td>1<\/td>\n<td><\/td>\n<\/tr>\n<tr>\n<td>S\u00fcs Yast\u0131\u011f\u0131Uyku Setimiz %100 pamuklu kuma\u015ftan \u00fcretilmi\u015f olup bebe\u011finizin rahat uyumas\u0131n\u0131 sa\u011flar.<br \/>\nNevresim, yast\u0131k k\u0131l\u0131f\u0131 ve yan duvarlar nefes alabilen bir ara par\u00e7a sistemi ta\u015f\u0131r.<br \/>\n\u00dcr\u00fcnlerimiz k\u0131l\u0131fl\u0131 \u00f6zelli\u011fe sahiptir. Bu sayede istedi\u011finiz zaman \u00f6rt\u00fcleri \u00e7\u0131kar\u0131p y\u0131kayabilirsiniz.<\/td>\n<td>1<\/td>\n<td><\/td>\n<\/tr>\n<\/tbody>\n<\/table>\n","protected":false},"excerpt":{"rendered":"<ul>\n<li>Uyku Setimiz %100 pamuklu kuma\u015ftan \u00fcretilmi\u015f olup bebe\u011finizin rahat uyumas\u0131n\u0131 sa\u011flar.<\/li>\n<li>Nevresim, yast\u0131k k\u0131l\u0131f\u0131 ve yan duvarlar nefes alabilen bir air sistemi ta\u015f\u0131r.<\/li>\n<li>\u00dcr\u00fcnlerimiz k\u0131l\u0131fl\u0131 \u00f6zelli\u011fe sahiptir. Bu sayede istedi\u011finiz zaman \u00f6rt\u00fcleri \u00e7\u0131kar\u0131p y\u0131kayabilirsiniz.<\/li>\n<\/ul>\n","protected":false},"featured_media":1698,"template":"","meta":[],"product_brand":[],"product_cat":[21,22,101,113,114],"product_tag":[],"class_list":{"0":"post-1697","1":"product","2":"type-product","3":"status-publish","4":"has-post-thumbnail","6":"product_cat-uyku-setleri-grubu","7":"product_cat-besik-uyku-setleri","8":"product_cat-air-yan-durvarli-uyku-seti","9":"product_cat-air-serisi","10":"product_cat-uyku-seti","12":"first","13":"instock","14":"shipping-taxable","15":"product-type-variable"},"_links":{"self":[{"href":"https:\/\/yuarbaby.com\/ar\/wp-json\/wp\/v2\/product\/1697","targetHints":{"allow":["GET"]}}],"collection":[{"href":"https:\/\/yuarbaby.com\/ar\/wp-json\/wp\/v2\/product"}],"about":[{"href":"https:\/\/yuarbaby.com\/ar\/wp-json\/wp\/v2\/types\/product"}],"wp:featuredmedia":[{"embeddable":true,"href":"https:\/\/yuarbaby.com\/ar\/wp-json\/wp\/v2\/media\/1698"}],"wp:attachment":[{"href":"https:\/\/yuarbaby.com\/ar\/wp-json\/wp\/v2\/media?parent=1697"}],"wp:term":[{"taxonomy":"product_brand","embeddable":true,"href":"https:\/\/yuarbaby.com\/ar\/wp-json\/wp\/v2\/product_brand?post=1697"},{"taxonomy":"product_cat","embeddable":true,"href":"https:\/\/yuarbaby.com\/ar\/wp-json\/wp\/v2\/product_cat?post=1697"},{"taxonomy":"product_tag","embeddable":true,"href":"https:\/\/yuarbaby.com\/ar\/wp-json\/wp\/v2\/product_tag?post=1697"}],"curies":[{"name":"wp","href":"https:\/\/api.w.org\/{rel}","templated":true}]}}