{"id":1680,"date":"2023-12-07T08:51:53","date_gmt":"2023-12-07T05:51:53","guid":{"rendered":"https:\/\/yuarbaby.com\/ar\/?post_type=product&#038;p=1680"},"modified":"2024-01-02T09:28:40","modified_gmt":"2024-01-02T06:28:40","slug":"yaprak-desenli-yesil-5li-set","status":"publish","type":"product","link":"https:\/\/yuarbaby.com\/ar\/urun\/yaprak-desenli-yesil-5li-set\/","title":{"rendered":"\u0648\u0631\u0642\u0629"},"content":{"rendered":"<table class=\"custom-table\">\n<tbody>\n<tr>\n<th>\u0130\u00e7erik<\/th>\n<th>Adet<\/th>\n<\/tr>\n<tr>\n<td>Baby Nest<\/td>\n<td>1<\/td>\n<\/tr>\n<tr>\n<td>Emzirme Minderi<\/td>\n<td>1<\/td>\n<\/tr>\n<tr>\n<td>Emzirme \u00d6nl\u00fc\u011f\u00fc<\/td>\n<td>1<\/td>\n<\/tr>\n<tr>\n<td>Puset\u00a0 minderi<\/td>\n<td>1<\/td>\n<\/tr>\n<tr>\n<td>Puset \u00d6rt\u00fcs\u00fc<\/td>\n<td>1<\/td>\n<\/tr>\n<\/tbody>\n<\/table>\n","protected":false},"excerpt":{"rendered":"<p>YUAR BABY 5li set, 100% Pamuklu kuma\u015ftan \u00fcretilmi\u015f olup anne ve bebe\u011fin rahatl\u0131\u011f\u0131n\u0131 g\u00f6z \u00f6n\u00fcnde bulundurarak tasarlanm\u0131\u015ft\u0131r.<\/p>\n","protected":false},"featured_media":1689,"template":"","meta":[],"product_brand":[],"product_cat":[107,39],"product_tag":[],"class_list":{"0":"post-1680","1":"product","2":"type-product","3":"status-publish","4":"has-post-thumbnail","6":"product_cat-aksesuar-grubu","7":"product_cat-5li-setler","9":"first","10":"instock","11":"shipping-taxable","12":"product-type-simple"},"_links":{"self":[{"href":"https:\/\/yuarbaby.com\/ar\/wp-json\/wp\/v2\/product\/1680","targetHints":{"allow":["GET"]}}],"collection":[{"href":"https:\/\/yuarbaby.com\/ar\/wp-json\/wp\/v2\/product"}],"about":[{"href":"https:\/\/yuarbaby.com\/ar\/wp-json\/wp\/v2\/types\/product"}],"wp:featuredmedia":[{"embeddable":true,"href":"https:\/\/yuarbaby.com\/ar\/wp-json\/wp\/v2\/media\/1689"}],"wp:attachment":[{"href":"https:\/\/yuarbaby.com\/ar\/wp-json\/wp\/v2\/media?parent=1680"}],"wp:term":[{"taxonomy":"product_brand","embeddable":true,"href":"https:\/\/yuarbaby.com\/ar\/wp-json\/wp\/v2\/product_brand?post=1680"},{"taxonomy":"product_cat","embeddable":true,"href":"https:\/\/yuarbaby.com\/ar\/wp-json\/wp\/v2\/product_cat?post=1680"},{"taxonomy":"product_tag","embeddable":true,"href":"https:\/\/yuarbaby.com\/ar\/wp-json\/wp\/v2\/product_tag?post=1680"}],"curies":[{"name":"wp","href":"https:\/\/api.w.org\/{rel}","templated":true}]}}