{"id":1672,"date":"2023-12-07T07:26:55","date_gmt":"2023-12-07T04:26:55","guid":{"rendered":"https:\/\/yuarbaby.com\/ar\/?post_type=product&#038;p=1672"},"modified":"2024-01-02T09:43:13","modified_gmt":"2024-01-02T06:43:13","slug":"kuzu-desenli-mavi-orgu-babynest","status":"publish","type":"product","link":"https:\/\/yuarbaby.com\/ar\/urun\/kuzu-desenli-mavi-orgu-babynest\/","title":{"rendered":"\u0627\u0644\u0636\u0623\u0646\u060c \u0627\u0632\u0631\u0642"},"content":{"rendered":"","protected":false},"excerpt":{"rendered":"<p>\u00dcR\u00dcN\u00dcM\u00dcZ 3 FARKLI FONKS\u0130YONDA KULLANILAB\u0130L\u0130R<\/p>\n<ul>\n<li>Babynest Olarak Kullan\u0131labilir.<\/li>\n<li>\u00d6rg\u00fc Kenar Korumay\u0131 Ba\u011flama \u0130plerini A\u00e7arak Tek Kenar Koruma Olarak \u0130stedi\u011finiz Yerde Kullanabilirsiniz.<\/li>\n<li>Alt K\u0131sm\u0131 Ayr\u0131 Olarak Alt A\u00e7ma Veya Tek Yatak Olarak Ba\u011f\u0131ms\u0131z Kullanabilirsiniz.<\/li>\n<\/ul>\n","protected":false},"featured_media":1673,"template":"","meta":[],"product_brand":[],"product_cat":[107,41,140],"product_tag":[],"class_list":{"0":"post-1672","1":"product","2":"type-product","3":"status-publish","4":"has-post-thumbnail","6":"product_cat-aksesuar-grubu","7":"product_cat-babynest","8":"product_cat-orgu-babynest","10":"first","11":"instock","12":"shipping-taxable","13":"product-type-simple"},"_links":{"self":[{"href":"https:\/\/yuarbaby.com\/ar\/wp-json\/wp\/v2\/product\/1672","targetHints":{"allow":["GET"]}}],"collection":[{"href":"https:\/\/yuarbaby.com\/ar\/wp-json\/wp\/v2\/product"}],"about":[{"href":"https:\/\/yuarbaby.com\/ar\/wp-json\/wp\/v2\/types\/product"}],"wp:featuredmedia":[{"embeddable":true,"href":"https:\/\/yuarbaby.com\/ar\/wp-json\/wp\/v2\/media\/1673"}],"wp:attachment":[{"href":"https:\/\/yuarbaby.com\/ar\/wp-json\/wp\/v2\/media?parent=1672"}],"wp:term":[{"taxonomy":"product_brand","embeddable":true,"href":"https:\/\/yuarbaby.com\/ar\/wp-json\/wp\/v2\/product_brand?post=1672"},{"taxonomy":"product_cat","embeddable":true,"href":"https:\/\/yuarbaby.com\/ar\/wp-json\/wp\/v2\/product_cat?post=1672"},{"taxonomy":"product_tag","embeddable":true,"href":"https:\/\/yuarbaby.com\/ar\/wp-json\/wp\/v2\/product_tag?post=1672"}],"curies":[{"name":"wp","href":"https:\/\/api.w.org\/{rel}","templated":true}]}}