{"id":1664,"date":"2023-12-07T07:05:52","date_gmt":"2023-12-07T04:05:52","guid":{"rendered":"https:\/\/yuarbaby.com\/ar\/?post_type=product&#038;p=1664"},"modified":"2024-01-02T09:44:08","modified_gmt":"2024-01-02T06:44:08","slug":"ayicik-desenli-kahve-orgu-babynest","status":"publish","type":"product","link":"https:\/\/yuarbaby.com\/ar\/urun\/ayicik-desenli-kahve-orgu-babynest\/","title":{"rendered":"\u0627\u0644\u062f\u0628\u060c \u0628\u0646\u064a"},"content":{"rendered":"","protected":false},"excerpt":{"rendered":"<p>\u00dcR\u00dcN\u00dcM\u00dcZ 3 FARKLI FONKS\u0130YONDA KULLANILAB\u0130L\u0130R<\/p>\n<ul>\n<li>Babynest Olarak Kullan\u0131labilir.<\/li>\n<li>\u00d6rg\u00fc Kenar Korumay\u0131 Ba\u011flama \u0130plerini A\u00e7arak Tek Kenar Koruma Olarak \u0130stedi\u011finiz Yerde Kullanabilirsiniz.<\/li>\n<li>Alt K\u0131sm\u0131 Ayr\u0131 Olarak Alt A\u00e7ma Veya Tek Yatak Olarak Ba\u011f\u0131ms\u0131z Kullanabilirsiniz.<\/li>\n<\/ul>\n","protected":false},"featured_media":1665,"template":"","meta":[],"product_brand":[],"product_cat":[107,41,140],"product_tag":[],"class_list":{"0":"post-1664","1":"product","2":"type-product","3":"status-publish","4":"has-post-thumbnail","6":"product_cat-aksesuar-grubu","7":"product_cat-babynest","8":"product_cat-orgu-babynest","10":"first","11":"instock","12":"shipping-taxable","13":"product-type-simple"},"_links":{"self":[{"href":"https:\/\/yuarbaby.com\/ar\/wp-json\/wp\/v2\/product\/1664","targetHints":{"allow":["GET"]}}],"collection":[{"href":"https:\/\/yuarbaby.com\/ar\/wp-json\/wp\/v2\/product"}],"about":[{"href":"https:\/\/yuarbaby.com\/ar\/wp-json\/wp\/v2\/types\/product"}],"wp:featuredmedia":[{"embeddable":true,"href":"https:\/\/yuarbaby.com\/ar\/wp-json\/wp\/v2\/media\/1665"}],"wp:attachment":[{"href":"https:\/\/yuarbaby.com\/ar\/wp-json\/wp\/v2\/media?parent=1664"}],"wp:term":[{"taxonomy":"product_brand","embeddable":true,"href":"https:\/\/yuarbaby.com\/ar\/wp-json\/wp\/v2\/product_brand?post=1664"},{"taxonomy":"product_cat","embeddable":true,"href":"https:\/\/yuarbaby.com\/ar\/wp-json\/wp\/v2\/product_cat?post=1664"},{"taxonomy":"product_tag","embeddable":true,"href":"https:\/\/yuarbaby.com\/ar\/wp-json\/wp\/v2\/product_tag?post=1664"}],"curies":[{"name":"wp","href":"https:\/\/api.w.org\/{rel}","templated":true}]}}