{"id":1614,"date":"2023-12-06T17:40:50","date_gmt":"2023-12-06T14:40:50","guid":{"rendered":"https:\/\/yuarbaby.com\/ar\/?post_type=product&#038;p=1614"},"modified":"2024-01-02T09:45:36","modified_gmt":"2024-01-02T06:45:36","slug":"ayicik-modeli-yesil-puset-ortusu","status":"publish","type":"product","link":"https:\/\/yuarbaby.com\/ar\/urun\/ayicik-modeli-yesil-puset-ortusu\/","title":{"rendered":"\u0627\u0644\u062f\u0628\u060c \u0627\u062e\u0636\u0631"},"content":{"rendered":"","protected":false},"excerpt":{"rendered":"<p>YUAR BABY Puset \u00f6rt\u00fcs\u00fc ile bebe\u011fin arabas\u0131 ve koltu\u011funun korunmas\u0131 i\u00e7in kullan\u0131\u015fl\u0131 bir \u015fekilde tasarlanm\u0131\u015ft\u0131r.<\/p>\n<ul>\n<li><span data-sheets-value=\"{&quot;1&quot;:2,&quot;2&quot;:&quot;n\u00dcr\u00fcn \u00e7ift tarafl\u0131 100% pamuklu kuma\u015ftan \u00fcretilmi\u015ftir.n80x100 cm ebat\u0131ndad\u0131r. nPiyasadaki t\u00fcm pusetlerle uyumludur. n&quot;}\" data-sheets-userformat=\"{&quot;2&quot;:9153,&quot;3&quot;:{&quot;1&quot;:0},&quot;9&quot;:0,&quot;10&quot;:1,&quot;11&quot;:4,&quot;12&quot;:0,&quot;16&quot;:12}\">\u00dcr\u00fcn \u00e7ift tarafl\u0131 100% pamuklu kuma\u015ftan \u00fcretilmi\u015ftir.<\/span><\/li>\n<li><span data-sheets-value=\"{&quot;1&quot;:2,&quot;2&quot;:&quot;n\u00dcr\u00fcn \u00e7ift tarafl\u0131 100% pamuklu kuma\u015ftan \u00fcretilmi\u015ftir.n80x100 cm ebat\u0131ndad\u0131r. nPiyasadaki t\u00fcm pusetlerle uyumludur. n&quot;}\" data-sheets-userformat=\"{&quot;2&quot;:9153,&quot;3&quot;:{&quot;1&quot;:0},&quot;9&quot;:0,&quot;10&quot;:1,&quot;11&quot;:4,&quot;12&quot;:0,&quot;16&quot;:12}\">80&#215;100 cm edat\u0131ndad\u0131r.<\/span><\/li>\n<li><span data-sheets-value=\"{&quot;1&quot;:2,&quot;2&quot;:&quot;n\u00dcr\u00fcn \u00e7ift tarafl\u0131 100% pamuklu kuma\u015ftan \u00fcretilmi\u015ftir.n80x100 cm ebat\u0131ndad\u0131r. nPiyasadaki t\u00fcm pusetlerle uyumludur. n&quot;}\" data-sheets-userformat=\"{&quot;2&quot;:9153,&quot;3&quot;:{&quot;1&quot;:0},&quot;9&quot;:0,&quot;10&quot;:1,&quot;11&quot;:4,&quot;12&quot;:0,&quot;16&quot;:12}\">Piyasadaki t\u00fcm pusetlerle uyumludur.<\/span><\/li>\n<\/ul>\n","protected":false},"featured_media":1632,"template":"","meta":[],"product_brand":[],"product_cat":[107,109,44],"product_tag":[],"class_list":{"0":"post-1614","1":"product","2":"type-product","3":"status-publish","4":"has-post-thumbnail","6":"product_cat-aksesuar-grubu","7":"product_cat-seyahat-grubu","8":"product_cat-puset-ortusu","10":"first","11":"instock","12":"shipping-taxable","13":"product-type-simple"},"_links":{"self":[{"href":"https:\/\/yuarbaby.com\/ar\/wp-json\/wp\/v2\/product\/1614","targetHints":{"allow":["GET"]}}],"collection":[{"href":"https:\/\/yuarbaby.com\/ar\/wp-json\/wp\/v2\/product"}],"about":[{"href":"https:\/\/yuarbaby.com\/ar\/wp-json\/wp\/v2\/types\/product"}],"wp:featuredmedia":[{"embeddable":true,"href":"https:\/\/yuarbaby.com\/ar\/wp-json\/wp\/v2\/media\/1632"}],"wp:attachment":[{"href":"https:\/\/yuarbaby.com\/ar\/wp-json\/wp\/v2\/media?parent=1614"}],"wp:term":[{"taxonomy":"product_brand","embeddable":true,"href":"https:\/\/yuarbaby.com\/ar\/wp-json\/wp\/v2\/product_brand?post=1614"},{"taxonomy":"product_cat","embeddable":true,"href":"https:\/\/yuarbaby.com\/ar\/wp-json\/wp\/v2\/product_cat?post=1614"},{"taxonomy":"product_tag","embeddable":true,"href":"https:\/\/yuarbaby.com\/ar\/wp-json\/wp\/v2\/product_tag?post=1614"}],"curies":[{"name":"wp","href":"https:\/\/api.w.org\/{rel}","templated":true}]}}