{"id":1502,"date":"2023-12-06T12:55:35","date_gmt":"2023-12-06T09:55:35","guid":{"rendered":"https:\/\/yuarbaby.com\/ar\/?post_type=product&#038;p=1502"},"modified":"2024-01-02T09:48:48","modified_gmt":"2024-01-02T06:48:48","slug":"emzirme-yastigi","status":"publish","type":"product","link":"https:\/\/yuarbaby.com\/ar\/urun\/emzirme-yastigi\/","title":{"rendered":"\u0643\u0641\u0629 \u0631\u0636\u0627\u0639\u0629"},"content":{"rendered":"","protected":false},"excerpt":{"rendered":"<p>YUAR BABY Emzirme Yast\u0131\u011f\u0131 ile emzirmenin iki kullan\u0131m \u015fekli vard\u0131r:<\/p>\n<ul>\n<li>Emzirme esnas\u0131nda ele ba\u011flanarak<\/li>\n<li>Emzirme Minderine ba\u011flanarak ta<br \/>\nemzirme esnas\u0131nda bebe\u011fin ba\u015f\u0131na bir destekleyici yast\u0131k olarak kullan\u0131labilir.<\/li>\n<\/ul>\n","protected":false},"featured_media":1510,"template":"","meta":[],"product_brand":[],"product_cat":[107,108,110],"product_tag":[],"class_list":{"0":"post-1502","1":"product","2":"type-product","3":"status-publish","4":"has-post-thumbnail","6":"product_cat-aksesuar-grubu","7":"product_cat-emzirme-grubu","8":"product_cat-emzirme-yastigi","10":"first","11":"instock","12":"shipping-taxable","13":"product-type-variable"},"_links":{"self":[{"href":"https:\/\/yuarbaby.com\/ar\/wp-json\/wp\/v2\/product\/1502","targetHints":{"allow":["GET"]}}],"collection":[{"href":"https:\/\/yuarbaby.com\/ar\/wp-json\/wp\/v2\/product"}],"about":[{"href":"https:\/\/yuarbaby.com\/ar\/wp-json\/wp\/v2\/types\/product"}],"wp:featuredmedia":[{"embeddable":true,"href":"https:\/\/yuarbaby.com\/ar\/wp-json\/wp\/v2\/media\/1510"}],"wp:attachment":[{"href":"https:\/\/yuarbaby.com\/ar\/wp-json\/wp\/v2\/media?parent=1502"}],"wp:term":[{"taxonomy":"product_brand","embeddable":true,"href":"https:\/\/yuarbaby.com\/ar\/wp-json\/wp\/v2\/product_brand?post=1502"},{"taxonomy":"product_cat","embeddable":true,"href":"https:\/\/yuarbaby.com\/ar\/wp-json\/wp\/v2\/product_cat?post=1502"},{"taxonomy":"product_tag","embeddable":true,"href":"https:\/\/yuarbaby.com\/ar\/wp-json\/wp\/v2\/product_tag?post=1502"}],"curies":[{"name":"wp","href":"https:\/\/api.w.org\/{rel}","templated":true}]}}